{"id":97,"date":"2017-01-24T22:06:17","date_gmt":"2017-01-24T22:06:17","guid":{"rendered":"http:\/\/dev.jary.se\/?page_id=97"},"modified":"2024-01-20T23:38:29","modified_gmt":"2024-01-20T22:38:29","slug":"service-punktering","status":"publish","type":"page","link":"https:\/\/jary.se\/?page_id=97","title":{"rendered":"Service"},"content":{"rendered":"\n<p class=\"has-text-align-center\"><strong>Service<\/strong><\/p>\n\n\n<p style=\"text-align: left;\"><b>&nbsp;<\/b><\/p>\n<p style=\"text-align: center;\"><a href=\"http:\/\/dev.jary.se\/wp-content\/uploads\/2017\/01\/verkyyg.jpg\"><img decoding=\"async\" loading=\"lazy\" class=\"size-full wp-image-271 aligncenter\" src=\"http:\/\/dev.jary.se\/wp-content\/uploads\/2017\/01\/verkyyg.jpg\" alt=\"\" width=\"400\" height=\"532\" srcset=\"https:\/\/jary.se\/wp-content\/uploads\/2017\/01\/verkyyg.jpg 400w, https:\/\/jary.se\/wp-content\/uploads\/2017\/01\/verkyyg-226x300.jpg 226w\" sizes=\"(max-width: 400px) 100vw, 400px\" \/><\/a><\/p>\n<p style=\"text-align: center;\"><strong>Beh\u00f6ver din cykel service?<\/strong><br \/>\nEn v\u00e4l fungerande cykel \u00e4r trevligare att cykla p\u00e5.<br \/>\nJag kan hj\u00e4lpa dig med det mesta fr\u00e5n punktering till hjulbygge.<\/p>\n<p style=\"text-align: center;\">Vill du l\u00e4ra dig att lag en punktering s\u00e5 kan du f\u00e5 en del tips h\u00e4r nedan.<\/p>\n<hr>\n<p style=\"text-align: center;\">&nbsp;<strong>Att laga en punktering<\/strong><\/p>\n<p style=\"text-align: left;\"><a href=\"http:\/\/dev.jary.se\/wp-content\/uploads\/2017\/01\/punktering.jpg\"><img decoding=\"async\" loading=\"lazy\" class=\"size-full wp-image-267 aligncenter\" src=\"http:\/\/dev.jary.se\/wp-content\/uploads\/2017\/01\/punktering.jpg\" alt=\"\" width=\"600\" height=\"450\" srcset=\"https:\/\/jary.se\/wp-content\/uploads\/2017\/01\/punktering.jpg 600w, https:\/\/jary.se\/wp-content\/uploads\/2017\/01\/punktering-300x225.jpg 300w\" sizes=\"(max-width: 600px) 100vw, 600px\" \/><\/a><\/p>\n<p style=\"text-align: left;\">Det \u00e4r en hel del att t\u00e4nka p\u00e5 n\u00e4r det g\u00e4ller att laga en punktering.<br \/>\nTa tid p\u00e5 dig, ta ett steg i s\u00e4nder, h\u00e5ll r\u00e4tt p\u00e5 l\u00f6sa delar.<br \/>\nBekanta dig med din cykel, se efter vilka verktyg du beh\u00f6ver.<br \/>\nD\u00e5 fixar du&nbsp;att lage en punktering om det skulle h\u00e4nda.<\/p>\n<p style=\"text-align: left;\">F\u00f6rst en enkel arbetsg\u00e5ng, sedan lite mer ing\u00e5ende om olika moment.<\/p>\n<p style=\"text-align: left;\">\u2028<strong>V\u00e4nd cykeln upp och ner, det \u00e4r enklast att ta bort det aktuella hjulet d\u00e5.<\/strong><br \/>\n<strong> Ta av d\u00e4cket p\u00e5 en sida, med d\u00e4ckavtagare, var r\u00e4dd om slangen.<\/strong><br \/>\n<strong> Lossa ventilen, h\u00e5ll r\u00e4tt p\u00e5 ventildelarna.<\/strong><br \/>\n<strong> Plocka ut slangen och leta upp h\u00e5let, laga.<\/strong><br \/>\n<strong> \u00c5termontera slangen, l\u00e4ttare om lite luft pumpas i, bara s\u00e5 att slangen fylls.\u2028 Montera d\u00e4cket, utan verktyg.<\/strong><br \/>\n<strong> S\u00e4tt hjulet p\u00e5 plats.<\/strong><br \/>\n<strong> God fortsatt tur!<\/strong><\/p>\n<p style=\"text-align: left;\"><strong>Verktyg<\/strong><br \/>\n15 mm fast nyckel eller skiftnyckel till hjulbultar<br \/>\nL\u00e4mplg skruvmejsel flat eller stj\u00e4rna, fast nyckel 8 mm eller 10 mm, skiftnyckel till bromsarm, v\u00e4xelbox<br \/>\nD\u00e4ckavtagare<br \/>\nLagningslappar<br \/>\nPump, som passar tlll ventilen<\/p>\n<p style=\"text-align: left;\"><strong>\u2028Att hitta h\u00e5let<br \/>\n<\/strong>Pumpa upp slangen, unders\u00f6k, lyssna, h\u00e5ll mot kinden. Det kan vara knepigt att hitta ett litet h\u00e5l. Enklast om det \u00e4r m\u00f6jligt att h\u00e5lla slangen under vatten, d\u00e5 syns bubblorna tydligt.<\/p>\n<p style=\"text-align: left;\"><strong>Laga<br \/>\n<\/strong>\u2028Rugga upp ytan med sandpapper, stryk p\u00e5 solution, l\u00e5t torka n\u00e5gon minut. L\u00e4gg p\u00e5 laglappen, pressa med tumme och pekfinger f\u00f6r att p\u00e5skynda vulkningen.<br \/>\nNu finns laglappar som inte kr\u00e4ver solution.<\/p>\n<p style=\"text-align: left;\"><strong>Ventil<br \/>\n<\/strong>Det finns tre varianter<br \/>\nVanlig cykelventil<br \/>\nBilventil<br \/>\nRacerventil, en mutter l\u00e5ser k\u00e4glan i ventilen, den m\u00e5ste lossas, annars g\u00e5r det inte att f\u00e5 luft.<\/p>\n<p style=\"text-align: left;\"><strong>Extra slang<\/strong><br \/>\n\u00c4r du p\u00e5 tur kan det vara enklast att montera en ny slang och laga den trasiga n\u00e4r du n\u00e5tt dagens f\u00e4rdm\u00e5l.<\/p>\n<p style=\"text-align: left;\"><strong>D\u00e4cket<\/strong><br \/>\nGl\u00f6m inte att unders\u00f6ka d\u00e4cket, b\u00e5de ut och insida, s\u00e5 att inget vasst f\u00f6rem\u00e5l sitter kvar och kan orsaka en ny punktering.<br \/>\nMontera alltid utan verktyg, bara med h\u00e4nderna, med verktyg \u00e4r det v\u00e4ldigt l\u00e4tt att nypa h\u00e5l p\u00e5 slangen.<br \/>\nDet kan vara sv\u00e5rt att f\u00e5 p\u00e5 den sista biten. Det g\u00e5r l\u00e4ttare om den del av d\u00e4cket som redan \u00e4r p\u00e5 plats, trycks in mot f\u00e4lgens mitt, d\u00e5 sp\u00e4nner den sista biten inte s\u00e5 h\u00e5rt. (Se hur de l\u00e4gger p\u00e5 bild\u00e4ck p\u00e5 en f\u00e4lg)<br \/>\nN\u00e4r d\u00e4cket \u00e4r p\u00e5 plats, se till att det sitter r\u00e4tt p\u00e5 f\u00e4lgen.<\/p>\n<p style=\"text-align: left;\"><strong>Lufttryck<br \/>\n<\/strong>L\u00e4mpligt lufttryck st\u00e5r p\u00e5 d\u00e4ckets sida.<\/p>\n<p style=\"text-align: left;\"><strong>F\u00e4lgbroms<\/strong><br \/>\nHar cykeln f\u00e4lgbromsar, koppla loss bromsvajern, s\u00e5 att bromsklossarna inte hindrar n\u00e4r hjulet tas bort, speciellt d\u00e5 hjulet \u00e5termonteras med luft i d\u00e4cket.<\/p>\n<p style=\"text-align: left;\"><strong>Fotbroms<\/strong><br \/>\nHar cykeln fotbroms m\u00e5ste bromsarmen lossas innan det g\u00e5r att ta bort hjulet.<\/p>\n<p style=\"text-align: left;\"><strong>Navv\u00e4xel<br \/>\n<\/strong>H\u00e4r m\u00e5ste v\u00e4xelvajern lossas alternativt v\u00e4xelboxen tas bort, l\u00e4ttast om v\u00e4xelvjern inte har n\u00e5gon sp\u00e4nning, oftast p\u00e5 h\u00f6gsta v\u00e4xeln.<br \/>\nTappa inte bort v\u00e4xelstiftet, -stiften som g\u00e5r in i navet, n\u00e4r v\u00e4xelboxen \u00e4r borttagen.<br \/>\nVid Nexusnav, (ej Nexus-3 som har v\u00e4xelbox) dra ur vajerh\u00f6ljet fr\u00e5n f\u00e4stet, armen, d\u00e4r det sitter fast vid navet. Nu blir det l\u00e4ttare att kroka av vajern d\u00e4r den sitter fast i navet, d\u00e5 det inte \u00e4r n\u00e5gon sp\u00e4nning p\u00e5 den.<\/p>\n<p style=\"text-align: left;\"><strong>Navdynamo<\/strong><br \/>\n\u00c4r det ett framhjul som har navdynamo, koppla bort sladen till belysningen, fr\u00e5n navet.<\/p>\n<p style=\"text-align: left;\"><strong>QR, quick release, snabbkoppling<br \/>\n<\/strong>\u2028F\u00e4ll ut h\u00e4varmen, ev. sl\u00e4pp p\u00e5 muttern p\u00e5 motsatta sidan, f\u00f6r att f\u00e5 loss hjulet.<\/p>\n<p style=\"text-align: left;\"><strong>Kedjev\u00e4xel<br \/>\n<\/strong>L\u00e4gg kedjan p\u00e5 den minsta kuggkransen, l\u00e4ttast att f\u00e5 bort hjulet d\u00e5.<\/p>\n<p style=\"text-align: left;\"><strong>LYCKA TILL!<\/strong><br \/>\n&nbsp;&nbsp;<\/p>","protected":false},"excerpt":{"rendered":"<p>Service &nbsp; Beh\u00f6ver din cykel service? En v\u00e4l fungerande cykel \u00e4r trevligare att cykla p\u00e5. Jag kan hj\u00e4lpa dig med det mesta fr\u00e5n punktering till hjulbygge. Vill du l\u00e4ra dig att lag en punktering s\u00e5 kan du f\u00e5 en del tips h\u00e4r nedan. &nbsp;Att laga en punktering Det \u00e4r en hel del att t\u00e4nka p\u00e5 &hellip; <\/p>\n<p class=\"link-more\"><a href=\"https:\/\/jary.se\/?page_id=97\" class=\"more-link\">Forts\u00e4tt l\u00e4sa<span class=\"screen-reader-text\"> &#8221;Service&#8221;<\/span><\/a><\/p>\n","protected":false},"author":1,"featured_media":0,"parent":0,"menu_order":0,"comment_status":"closed","ping_status":"closed","template":"","meta":{"footnotes":""},"_links":{"self":[{"href":"https:\/\/jary.se\/index.php?rest_route=\/wp\/v2\/pages\/97"}],"collection":[{"href":"https:\/\/jary.se\/index.php?rest_route=\/wp\/v2\/pages"}],"about":[{"href":"https:\/\/jary.se\/index.php?rest_route=\/wp\/v2\/types\/page"}],"author":[{"embeddable":true,"href":"https:\/\/jary.se\/index.php?rest_route=\/wp\/v2\/users\/1"}],"replies":[{"embeddable":true,"href":"https:\/\/jary.se\/index.php?rest_route=%2Fwp%2Fv2%2Fcomments&post=97"}],"version-history":[{"count":21,"href":"https:\/\/jary.se\/index.php?rest_route=\/wp\/v2\/pages\/97\/revisions"}],"predecessor-version":[{"id":1395,"href":"https:\/\/jary.se\/index.php?rest_route=\/wp\/v2\/pages\/97\/revisions\/1395"}],"wp:attachment":[{"href":"https:\/\/jary.se\/index.php?rest_route=%2Fwp%2Fv2%2Fmedia&parent=97"}],"curies":[{"name":"wp","href":"https:\/\/api.w.org\/{rel}","templated":true}]}}