{"id":1103,"date":"2023-07-23T07:58:29","date_gmt":"2023-07-23T07:58:29","guid":{"rendered":"http:\/\/jary.se\/?page_id=1103"},"modified":"2024-10-21T21:31:35","modified_gmt":"2024-10-21T19:31:35","slug":"trehjuliga-cyklar","status":"publish","type":"page","link":"https:\/\/jary.se\/?page_id=1103","title":{"rendered":"Trehjuliga cyklar"},"content":{"rendered":"\n<p class=\"has-text-align-center\"><strong>Trehjuliga cyklar<\/strong><\/p>\n\n\n<p style=\"text-align: center;\">Passar bra f\u00f6r dig som k\u00e4nner att balansen kan svikta och drar dig f\u00f6r att anv\u00e4nda din vanliga cykel. Men du vill fortfarande komma ut och cykla som du gjort tidigare.<br \/>D\u00e5 kan dessa cyklar passa fint. Tack vare tre hjul h\u00e5ller cykeln balansen \u00e5t dig. Du stannar l\u00e4tt utan att stiga av.<br \/>Det kr\u00e4vs lite tr\u00e4ning, men man l\u00e4r sig fort hur cykeln fungerar.<\/p>\n<p><img decoding=\"async\" loading=\"lazy\" class=\"size-full wp-image-1104 alignnone\" src=\"http:\/\/jary.se\/wp-content\/uploads\/2023\/07\/trehjuling-1.jpeg\" alt=\"\" width=\"1440\" height=\"1080\" srcset=\"https:\/\/jary.se\/wp-content\/uploads\/2023\/07\/trehjuling-1.jpeg 1440w, https:\/\/jary.se\/wp-content\/uploads\/2023\/07\/trehjuling-1-300x225.jpeg 300w, https:\/\/jary.se\/wp-content\/uploads\/2023\/07\/trehjuling-1-768x576.jpeg 768w, https:\/\/jary.se\/wp-content\/uploads\/2023\/07\/trehjuling-1-1024x768.jpeg 1024w\" sizes=\"(max-width: 706px) 89vw, (max-width: 767px) 82vw, 740px\" \/>Denna cykel har tv\u00e5 hjul fram, elassistans, fotbroms, belysning<\/p>\n<p><img decoding=\"async\" loading=\"lazy\" class=\"alignnone size-full wp-image-1105\" src=\"http:\/\/jary.se\/wp-content\/uploads\/2023\/07\/trehjuling-2.jpeg\" alt=\"\" width=\"1440\" height=\"1080\" srcset=\"https:\/\/jary.se\/wp-content\/uploads\/2023\/07\/trehjuling-2.jpeg 1440w, https:\/\/jary.se\/wp-content\/uploads\/2023\/07\/trehjuling-2-300x225.jpeg 300w, https:\/\/jary.se\/wp-content\/uploads\/2023\/07\/trehjuling-2-768x576.jpeg 768w, https:\/\/jary.se\/wp-content\/uploads\/2023\/07\/trehjuling-2-1024x768.jpeg 1024w\" sizes=\"(max-width: 706px) 89vw, (max-width: 767px) 82vw, 740px\" \/>H\u00e4r en cykel med tv\u00e5 hjul bak utrustad med diffrential f\u00f6r b\u00e4ttre k\u00f6regenskaper. Den har en rej\u00e4l lastkorg, elassisterad, fotbroms, belysning.<\/p>\n\n\n<figure class=\"wp-block-image size-large\"><img decoding=\"async\" loading=\"lazy\" width=\"1024\" height=\"768\" src=\"https:\/\/jary.se\/wp-content\/uploads\/2024\/10\/Monark-trehjuling-1024x768.jpg\" alt=\"\" class=\"wp-image-1412\" srcset=\"https:\/\/jary.se\/wp-content\/uploads\/2024\/10\/Monark-trehjuling-1024x768.jpg 1024w, https:\/\/jary.se\/wp-content\/uploads\/2024\/10\/Monark-trehjuling-300x225.jpg 300w, https:\/\/jary.se\/wp-content\/uploads\/2024\/10\/Monark-trehjuling-768x576.jpg 768w, https:\/\/jary.se\/wp-content\/uploads\/2024\/10\/Monark-trehjuling-1536x1152.jpg 1536w, https:\/\/jary.se\/wp-content\/uploads\/2024\/10\/Monark-trehjuling-2048x1536.jpg 2048w\" sizes=\"(max-width: 706px) 89vw, (max-width: 767px) 82vw, 740px\" \/><\/figure>\n\n\n\n<p>Denna Monark \u00e4r elassisterad, med motor i framhjulet, fotbroms och belysning fram o bak fr\u00e5n en navdynamo. Cykeln har ett n\u00e4tt format.<\/p>\n","protected":false},"excerpt":{"rendered":"<p>Trehjuliga cyklar Passar bra f\u00f6r dig som k\u00e4nner att balansen kan svikta och drar dig f\u00f6r att anv\u00e4nda din vanliga cykel. Men du vill fortfarande komma ut och cykla som du gjort tidigare.D\u00e5 kan dessa cyklar passa fint. Tack vare tre hjul h\u00e5ller cykeln balansen \u00e5t dig. Du stannar l\u00e4tt utan att stiga av.Det kr\u00e4vs &hellip; <\/p>\n<p class=\"link-more\"><a href=\"https:\/\/jary.se\/?page_id=1103\" class=\"more-link\">Forts\u00e4tt l\u00e4sa<span class=\"screen-reader-text\"> &#8221;Trehjuliga cyklar&#8221;<\/span><\/a><\/p>\n","protected":false},"author":1,"featured_media":0,"parent":0,"menu_order":0,"comment_status":"closed","ping_status":"closed","template":"","meta":{"footnotes":""},"_links":{"self":[{"href":"https:\/\/jary.se\/index.php?rest_route=\/wp\/v2\/pages\/1103"}],"collection":[{"href":"https:\/\/jary.se\/index.php?rest_route=\/wp\/v2\/pages"}],"about":[{"href":"https:\/\/jary.se\/index.php?rest_route=\/wp\/v2\/types\/page"}],"author":[{"embeddable":true,"href":"https:\/\/jary.se\/index.php?rest_route=\/wp\/v2\/users\/1"}],"replies":[{"embeddable":true,"href":"https:\/\/jary.se\/index.php?rest_route=%2Fwp%2Fv2%2Fcomments&post=1103"}],"version-history":[{"count":6,"href":"https:\/\/jary.se\/index.php?rest_route=\/wp\/v2\/pages\/1103\/revisions"}],"predecessor-version":[{"id":1413,"href":"https:\/\/jary.se\/index.php?rest_route=\/wp\/v2\/pages\/1103\/revisions\/1413"}],"wp:attachment":[{"href":"https:\/\/jary.se\/index.php?rest_route=%2Fwp%2Fv2%2Fmedia&parent=1103"}],"curies":[{"name":"wp","href":"https:\/\/api.w.org\/{rel}","templated":true}]}}