{"id":93,"date":"2017-01-24T22:05:13","date_gmt":"2017-01-24T22:05:13","guid":{"rendered":"http:\/\/dev.jary.se\/?page_id=93"},"modified":"2024-01-20T23:27:49","modified_gmt":"2024-01-20T22:27:49","slug":"el-cyklar","status":"publish","type":"page","link":"http:\/\/jary.se\/?page_id=93","title":{"rendered":"Elcyklar"},"content":{"rendered":"\n<p class=\"has-text-align-center\"><strong>Elcyklar<\/strong><\/p>\n\n\n<p>&nbsp;<\/p>\n<p><a href=\"http:\/\/dev.jary.se\/wp-content\/uploads\/2017\/11\/elcykel-symbol.jpg\"><img decoding=\"async\" loading=\"lazy\" class=\"alignnone size-full wp-image-756\" src=\"http:\/\/dev.jary.se\/wp-content\/uploads\/2017\/11\/elcykel-symbol.jpg\" alt=\"\" width=\"700\" height=\"400\" srcset=\"http:\/\/jary.se\/wp-content\/uploads\/2017\/11\/elcykel-symbol.jpg 700w, http:\/\/jary.se\/wp-content\/uploads\/2017\/11\/elcykel-symbol-300x171.jpg 300w\" sizes=\"(max-width: 700px) 100vw, 700px\" \/><\/a><a href=\"http:\/\/dev.jary.se\/wp-content\/uploads\/2017\/01\/Charger.jpg\"><br \/><\/a><\/p>\n<p>&nbsp;<\/p>\n<p style=\"text-align: center;\"><span style=\"color: #339966; font-size: 25px;\">Pengarna som naturv\u00e5rdsverket delat ut som elcykelbidrag \u00e4r nu slut.<br \/>Men det \u00e4r ju fortfarande en vinst att k\u00f6pa cykel med eller utan el. Vinst f\u00f6r milj\u00f6 och h\u00e4lsa.<\/span><\/p>\n<p>&nbsp;<\/p>\n<p style=\"text-align: center;\"><strong><span class=\"style9\">Elassisterade<\/span> <\/strong>cyklar blir allt vanligare, \u00a0vardagscyklingen underl\u00e4ttas.<br \/>Dagens batteri \u00e4r ofta kraftfulla, klarar \u00e4ven l\u00e4ngre turer.Idag har de flesta tillverkare elassisterade cyklar i sitt modellprogram,<br \/>Jag kan ta fram cyklar fr\u00e5n t.ex<\/p>\n<p style=\"text-align: center;\"><strong>Merida, MATE, Flyer, Batavus<\/strong><\/p>\n<p>&nbsp;<\/p>\n<p style=\"text-align: center;\"><a href=\"http:\/\/jary.se\/wp-content\/uploads\/2018\/10\/Mate.bike_.jpg\"><img decoding=\"async\" loading=\"lazy\" class=\"size-full wp-image-855 aligncenter\" src=\"http:\/\/jary.se\/wp-content\/uploads\/2018\/10\/Mate.bike_.jpg\" alt=\"\" width=\"400\" height=\"225\" srcset=\"http:\/\/jary.se\/wp-content\/uploads\/2018\/10\/Mate.bike_.jpg 400w, http:\/\/jary.se\/wp-content\/uploads\/2018\/10\/Mate.bike_-300x169.jpg 300w\" sizes=\"(max-width: 400px) 100vw, 400px\" \/><br \/><\/a><a href=\"http:\/\/jary.se\/wp-content\/uploads\/2018\/11\/Mate.bike2_.jpg\"><img decoding=\"async\" loading=\"lazy\" class=\"alignnone size-full wp-image-870\" src=\"http:\/\/jary.se\/wp-content\/uploads\/2018\/11\/Mate.bike2_.jpg\" alt=\"\" width=\"400\" height=\"267\" srcset=\"http:\/\/jary.se\/wp-content\/uploads\/2018\/11\/Mate.bike2_.jpg 400w, http:\/\/jary.se\/wp-content\/uploads\/2018\/11\/Mate.bike2_-300x200.jpg 300w\" sizes=\"(max-width: 400px) 100vw, 400px\" \/><\/a><\/p>\n<p style=\"text-align: center;\"><span style=\"font-size: 16px;\"><strong>MATE\u00a0 City<\/strong> \u00e4r danskutvecklad, l\u00e4tt att ta med, d\u00e5 den \u00e4r vikbar, har 20&#8243; hjul, skivbromsar, fj\u00e4dring fram o bak, USB port f\u00f6r att ladda t.ex. mobilen\u00a0<\/span><br \/><span style=\"font-size: 16px;\"> Batteriet ligger i ramen, 36V, 13 Ah, k\u00f6rstr\u00e4cka ca 70 km p\u00e5 en uppladdning, Motorn sitter i bakhjulet.<\/span><\/p>\n<p style=\"text-align: center;\">\u00a0<\/p>\n<p style=\"text-align: center;\">\u00a0<\/p>\n<p style=\"text-align: center;\">\u00a0<\/p>","protected":false},"excerpt":{"rendered":"<p>Elcyklar &nbsp; &nbsp; Pengarna som naturv\u00e5rdsverket delat ut som elcykelbidrag \u00e4r nu slut.Men det \u00e4r ju fortfarande en vinst att k\u00f6pa cykel med eller utan el. Vinst f\u00f6r milj\u00f6 och h\u00e4lsa. &nbsp; Elassisterade cyklar blir allt vanligare, \u00a0vardagscyklingen underl\u00e4ttas.Dagens batteri \u00e4r ofta kraftfulla, klarar \u00e4ven l\u00e4ngre turer.Idag har de flesta tillverkare elassisterade cyklar i sitt &hellip; <\/p>\n<p class=\"link-more\"><a href=\"http:\/\/jary.se\/?page_id=93\" class=\"more-link\">Forts\u00e4tt l\u00e4sa<span class=\"screen-reader-text\"> &#8221;Elcyklar&#8221;<\/span><\/a><\/p>\n","protected":false},"author":1,"featured_media":0,"parent":0,"menu_order":0,"comment_status":"closed","ping_status":"closed","template":"","meta":{"footnotes":""},"_links":{"self":[{"href":"http:\/\/jary.se\/index.php?rest_route=\/wp\/v2\/pages\/93"}],"collection":[{"href":"http:\/\/jary.se\/index.php?rest_route=\/wp\/v2\/pages"}],"about":[{"href":"http:\/\/jary.se\/index.php?rest_route=\/wp\/v2\/types\/page"}],"author":[{"embeddable":true,"href":"http:\/\/jary.se\/index.php?rest_route=\/wp\/v2\/users\/1"}],"replies":[{"embeddable":true,"href":"http:\/\/jary.se\/index.php?rest_route=%2Fwp%2Fv2%2Fcomments&post=93"}],"version-history":[{"count":31,"href":"http:\/\/jary.se\/index.php?rest_route=\/wp\/v2\/pages\/93\/revisions"}],"predecessor-version":[{"id":1384,"href":"http:\/\/jary.se\/index.php?rest_route=\/wp\/v2\/pages\/93\/revisions\/1384"}],"wp:attachment":[{"href":"http:\/\/jary.se\/index.php?rest_route=%2Fwp%2Fv2%2Fmedia&parent=93"}],"curies":[{"name":"wp","href":"https:\/\/api.w.org\/{rel}","templated":true}]}}