{"id":890,"date":"2019-07-31T09:30:02","date_gmt":"2019-07-31T09:30:02","guid":{"rendered":"http:\/\/jary.se\/?page_id=890"},"modified":"2025-09-19T22:06:08","modified_gmt":"2025-09-19T20:06:08","slug":"mate","status":"publish","type":"page","link":"http:\/\/jary.se\/?page_id=890","title":{"rendered":"MATE"},"content":{"rendered":"\n<p class=\"has-text-align-center\"><strong>MATE<\/strong><\/p>\n\n\n<div class=\"wp-block-image\">\n<figure class=\"aligncenter\"><a href=\"http:\/\/jary.se\/wp-content\/uploads\/2018\/10\/Mate.bike_.jpg\"><img decoding=\"async\" loading=\"lazy\" width=\"400\" height=\"225\" src=\"http:\/\/jary.se\/wp-content\/uploads\/2018\/10\/Mate.bike_.jpg\" alt=\"\" class=\"wp-image-855\" srcset=\"http:\/\/jary.se\/wp-content\/uploads\/2018\/10\/Mate.bike_.jpg 400w, http:\/\/jary.se\/wp-content\/uploads\/2018\/10\/Mate.bike_-300x169.jpg 300w\" sizes=\"(max-width: 400px) 100vw, 400px\" \/><\/a><\/figure><\/div>\n\n<div class=\"wp-block-image\">\n<figure class=\"aligncenter\"><a href=\"http:\/\/jary.se\/wp-content\/uploads\/2018\/11\/Mate.bike2_.jpg\"><img decoding=\"async\" loading=\"lazy\" width=\"400\" height=\"267\" src=\"http:\/\/jary.se\/wp-content\/uploads\/2018\/11\/Mate.bike2_.jpg\" alt=\"\" class=\"wp-image-870\" srcset=\"http:\/\/jary.se\/wp-content\/uploads\/2018\/11\/Mate.bike2_.jpg 400w, http:\/\/jary.se\/wp-content\/uploads\/2018\/11\/Mate.bike2_-300x200.jpg 300w\" sizes=\"(max-width: 400px) 100vw, 400px\" \/><\/a><\/figure><\/div>\n\n\n<p><\/p>\n\n\n\n<p class=\"has-text-align-center\"><strong>MATE\u00a0 City<\/strong>\u00a0\u00e4r danskutvecklad, l\u00e4tt att ta med, d\u00e5 den \u00e4r vikbar, har 20\u2033 hjul, skivbromsar, fj\u00e4dring fram o bak, USB port f\u00f6r att ladda t.ex. mobilen\u00a0<br> Batteriet ligger i ramen, 36V, 13 Ah, k\u00f6rstr\u00e4cka ca 55 km p\u00e5 en uppladdning, Motorn sitter i bakhjulet.<br> Jag har den i svart f\u00e4rg.<\/p>\n","protected":false},"excerpt":{"rendered":"<p>MATE MATE\u00a0 City\u00a0\u00e4r danskutvecklad, l\u00e4tt att ta med, d\u00e5 den \u00e4r vikbar, har 20\u2033 hjul, skivbromsar, fj\u00e4dring fram o bak, USB port f\u00f6r att ladda t.ex. mobilen\u00a0 Batteriet ligger i ramen, 36V, 13 Ah, k\u00f6rstr\u00e4cka ca 55 km p\u00e5 en uppladdning, Motorn sitter i bakhjulet. Jag har den i svart f\u00e4rg.<\/p>\n","protected":false},"author":1,"featured_media":0,"parent":0,"menu_order":0,"comment_status":"closed","ping_status":"closed","template":"","meta":{"footnotes":""},"_links":{"self":[{"href":"http:\/\/jary.se\/index.php?rest_route=\/wp\/v2\/pages\/890"}],"collection":[{"href":"http:\/\/jary.se\/index.php?rest_route=\/wp\/v2\/pages"}],"about":[{"href":"http:\/\/jary.se\/index.php?rest_route=\/wp\/v2\/types\/page"}],"author":[{"embeddable":true,"href":"http:\/\/jary.se\/index.php?rest_route=\/wp\/v2\/users\/1"}],"replies":[{"embeddable":true,"href":"http:\/\/jary.se\/index.php?rest_route=%2Fwp%2Fv2%2Fcomments&post=890"}],"version-history":[{"count":13,"href":"http:\/\/jary.se\/index.php?rest_route=\/wp\/v2\/pages\/890\/revisions"}],"predecessor-version":[{"id":1447,"href":"http:\/\/jary.se\/index.php?rest_route=\/wp\/v2\/pages\/890\/revisions\/1447"}],"wp:attachment":[{"href":"http:\/\/jary.se\/index.php?rest_route=%2Fwp%2Fv2%2Fmedia&parent=890"}],"curies":[{"name":"wp","href":"https:\/\/api.w.org\/{rel}","templated":true}]}}