{"id":765,"date":"2017-11-07T21:20:49","date_gmt":"2017-11-07T21:20:49","guid":{"rendered":"http:\/\/dev.jary.se\/?page_id=765"},"modified":"2024-01-20T23:32:14","modified_gmt":"2024-01-20T22:32:14","slug":"tandem","status":"publish","type":"page","link":"http:\/\/jary.se\/?page_id=765","title":{"rendered":"Tandem"},"content":{"rendered":"\n<p class=\"has-text-align-center\"><strong>Tandem<\/strong><\/p>\n\n\n<p>&nbsp;<\/p>\n<p><a href=\"http:\/\/dev.jary.se\/wp-content\/uploads\/2017\/11\/Tandem-teckning-1.jpg\"><img decoding=\"async\" loading=\"lazy\" class=\"wp-image-783 aligncenter\" src=\"http:\/\/dev.jary.se\/wp-content\/uploads\/2017\/11\/Tandem-teckning-1.jpg\" alt=\"\" width=\"531\" height=\"398\" srcset=\"http:\/\/jary.se\/wp-content\/uploads\/2017\/11\/Tandem-teckning-1.jpg 600w, http:\/\/jary.se\/wp-content\/uploads\/2017\/11\/Tandem-teckning-1-300x225.jpg 300w\" sizes=\"(max-width: 531px) 100vw, 531px\" \/><\/a><\/p>\n<p style=\"text-align: center;\">Bicycle for two<\/p>\n<p>&nbsp;<\/p>\n<p>&nbsp;<\/p>\n<p style=\"text-align: center;\"><a href=\"http:\/\/dev.jary.se\/wp-content\/uploads\/2017\/11\/tandem-pedalpower.jpg\"><img decoding=\"async\" loading=\"lazy\" class=\"size-full wp-image-767 aligncenter\" src=\"http:\/\/dev.jary.se\/wp-content\/uploads\/2017\/11\/tandem-pedalpower.jpg\" alt=\"\" width=\"500\" height=\"375\" srcset=\"http:\/\/jary.se\/wp-content\/uploads\/2017\/11\/tandem-pedalpower.jpg 500w, http:\/\/jary.se\/wp-content\/uploads\/2017\/11\/tandem-pedalpower-300x225.jpg 300w\" sizes=\"(max-width: 500px) 100vw, 500px\" \/><br \/>\n<\/a><\/p>\n<p style=\"text-align: center;\"><strong>Pedalpower<\/strong> i Berlin tillverkar flera olika modeller av tandemcyklar.<br \/>\nH\u00e4r \u00e4r det <strong>Butterfly<\/strong>, som \u00e4r vikbar f\u00f6r att l\u00e4ttare kunna transporteras.<\/p>","protected":false},"excerpt":{"rendered":"<p>Tandem &nbsp; Bicycle for two &nbsp; &nbsp; Pedalpower i Berlin tillverkar flera olika modeller av tandemcyklar. H\u00e4r \u00e4r det Butterfly, som \u00e4r vikbar f\u00f6r att l\u00e4ttare kunna transporteras.<\/p>\n","protected":false},"author":1,"featured_media":0,"parent":0,"menu_order":0,"comment_status":"closed","ping_status":"closed","template":"","meta":{"footnotes":""},"_links":{"self":[{"href":"http:\/\/jary.se\/index.php?rest_route=\/wp\/v2\/pages\/765"}],"collection":[{"href":"http:\/\/jary.se\/index.php?rest_route=\/wp\/v2\/pages"}],"about":[{"href":"http:\/\/jary.se\/index.php?rest_route=\/wp\/v2\/types\/page"}],"author":[{"embeddable":true,"href":"http:\/\/jary.se\/index.php?rest_route=\/wp\/v2\/users\/1"}],"replies":[{"embeddable":true,"href":"http:\/\/jary.se\/index.php?rest_route=%2Fwp%2Fv2%2Fcomments&post=765"}],"version-history":[{"count":10,"href":"http:\/\/jary.se\/index.php?rest_route=\/wp\/v2\/pages\/765\/revisions"}],"predecessor-version":[{"id":1389,"href":"http:\/\/jary.se\/index.php?rest_route=\/wp\/v2\/pages\/765\/revisions\/1389"}],"wp:attachment":[{"href":"http:\/\/jary.se\/index.php?rest_route=%2Fwp%2Fv2%2Fmedia&parent=765"}],"curies":[{"name":"wp","href":"https:\/\/api.w.org\/{rel}","templated":true}]}}