{"id":70,"date":"2017-01-24T21:54:57","date_gmt":"2017-01-24T21:54:57","guid":{"rendered":"http:\/\/dev.jary.se\/?page_id=70"},"modified":"2024-01-20T23:39:00","modified_gmt":"2024-01-20T22:39:00","slug":"langfardsskridskor","status":"publish","type":"page","link":"http:\/\/jary.se\/?page_id=70","title":{"rendered":"L\u00e5ngf\u00e4rdsskridskor"},"content":{"rendered":"\n<p class=\"has-text-align-center\"><strong>L\u00e5ngf\u00e4rdsskridskor<\/strong><\/p>\n\n\n<p style=\"text-align: center;\"><a href=\"http:\/\/dev.jary.se\/wp-content\/uploads\/2017\/01\/Skyllermarks_Mojadubb.jpg\"><br \/>\n<\/a>&nbsp;<\/p>\n<p style=\"text-align: center;\"><a href=\"http:\/\/dev.jary.se\/wp-content\/uploads\/2017\/01\/gillberg.jpg\"><img decoding=\"async\" loading=\"lazy\" class=\"aligncenter size-full wp-image-225\" src=\"http:\/\/dev.jary.se\/wp-content\/uploads\/2017\/01\/gillberg.jpg\" alt=\"\" width=\"300\" height=\"400\" srcset=\"http:\/\/jary.se\/wp-content\/uploads\/2017\/01\/gillberg.jpg 300w, http:\/\/jary.se\/wp-content\/uploads\/2017\/01\/gillberg-225x300.jpg 225w\" sizes=\"(max-width: 300px) 100vw, 300px\" \/><\/a><\/p>\n<p style=\"text-align: center;\"><strong>Slipning av l\u00e5ngf\u00e4rdsskridskor<br \/>\n<\/strong>Unna dig vassa skridskor.<br \/>\nJag slipar dina skridskor med en exakt kurvradie och bryner dem d\u00e4refter.<\/p>\n<p style=\"text-align: center;\"><a href=\"http:\/\/dev.jary.se\/wp-content\/uploads\/2017\/01\/vak.jpg\"><img decoding=\"async\" loading=\"lazy\" class=\"size-full wp-image-226 alignnone\" src=\"http:\/\/dev.jary.se\/wp-content\/uploads\/2017\/01\/vak.jpg\" alt=\"\" width=\"1000\" height=\"667\" srcset=\"http:\/\/jary.se\/wp-content\/uploads\/2017\/01\/vak.jpg 1000w, http:\/\/jary.se\/wp-content\/uploads\/2017\/01\/vak-300x200.jpg 300w, http:\/\/jary.se\/wp-content\/uploads\/2017\/01\/vak-768x512.jpg 768w\" sizes=\"(max-width: 706px) 89vw, (max-width: 767px) 82vw, 740px\" \/><\/a><\/p>\n<p style=\"text-align: center;\">\u00d6vning under betryggande former.<br \/>\n<span style=\"font-size: 12px;\"><span style=\"font-size: 16px;\">Ryggs\u00e4cken med grenband och h\u00f6ftb\u00e4lte g\u00f6r att du flyter.<br \/>\nMed isdubbarna tar du dig upp vid den kant du \u00e5kte igenom.<br \/>\nHar du tillf\u00e4lle, passa p\u00e5 att prova. En<\/span><span style=\"font-size: 16px;\"> varm bastu \u00e4r gott efter\u00e5t<\/span>.<\/span><\/p>\n<p style=\"text-align: center;\"><strong>Skridskor och tillbeh\u00f6r<\/strong><\/p>\n<p style=\"text-align: center;\"><a href=\"http:\/\/dev.jary.se\/wp-content\/uploads\/2017\/01\/Birka.jpg\"><img decoding=\"async\" loading=\"lazy\" class=\"size-full wp-image-71 alignleft\" src=\"http:\/\/dev.jary.se\/wp-content\/uploads\/2017\/01\/Birka.jpg\" alt=\"\" width=\"425\" height=\"89\" srcset=\"http:\/\/jary.se\/wp-content\/uploads\/2017\/01\/Birka.jpg 425w, http:\/\/jary.se\/wp-content\/uploads\/2017\/01\/Birka-300x63.jpg 300w\" sizes=\"(max-width: 425px) 100vw, 425px\" \/><\/a><a href=\"http:\/\/dev.jary.se\/wp-content\/uploads\/2017\/01\/Skyllermarks_Mojadubb.jpg\"><img decoding=\"async\" loading=\"lazy\" class=\"size-thumbnail wp-image-301 aligncenter\" src=\"http:\/\/dev.jary.se\/wp-content\/uploads\/2017\/01\/Skyllermarks_Mojadubb-150x150.jpg\" alt=\"\" width=\"150\" height=\"150\" srcset=\"http:\/\/jary.se\/wp-content\/uploads\/2017\/01\/Skyllermarks_Mojadubb-150x150.jpg 150w, http:\/\/jary.se\/wp-content\/uploads\/2017\/01\/Skyllermarks_Mojadubb-100x100.jpg 100w\" sizes=\"(max-width: 150px) 100vw, 150px\" \/><\/a><\/p>\n<p style=\"text-align: center;\">H\u00e4r modell Birka fr\u00e5n Skyllermarks.<br \/>\nM\u00f6jadubben med visselpipa.&nbsp;<br \/>\nHar \u00e4ven skridskor och&nbsp;utrustning fr\u00e5n&nbsp;Lundhags och Zandstra.<\/p>\n<hr>\n<p style=\"text-align: center;\">&nbsp;<\/p>\n<p style=\"text-align: center;\"><a href=\"http:\/\/dev.jary.se\/wp-content\/uploads\/2017\/01\/jackson1.png\"><img decoding=\"async\" loading=\"lazy\" class=\"alignleft size-thumbnail wp-image-233\" src=\"http:\/\/dev.jary.se\/wp-content\/uploads\/2017\/01\/jackson1-150x150.png\" alt=\"\" width=\"150\" height=\"150\" srcset=\"http:\/\/jary.se\/wp-content\/uploads\/2017\/01\/jackson1-150x150.png 150w, http:\/\/jary.se\/wp-content\/uploads\/2017\/01\/jackson1-300x300.png 300w, http:\/\/jary.se\/wp-content\/uploads\/2017\/01\/jackson1-100x100.png 100w, http:\/\/jary.se\/wp-content\/uploads\/2017\/01\/jackson1.png 400w\" sizes=\"(max-width: 150px) 100vw, 150px\" \/><\/a> <a href=\"http:\/\/dev.jary.se\/wp-content\/uploads\/2017\/01\/Iggy.jpg\"><img decoding=\"async\" loading=\"lazy\" class=\"alignleft size-thumbnail wp-image-232\" src=\"http:\/\/dev.jary.se\/wp-content\/uploads\/2017\/01\/Iggy-150x150.jpg\" alt=\"\" width=\"150\" height=\"150\" srcset=\"http:\/\/jary.se\/wp-content\/uploads\/2017\/01\/Iggy-150x150.jpg 150w, http:\/\/jary.se\/wp-content\/uploads\/2017\/01\/Iggy-100x100.jpg 100w\" sizes=\"(max-width: 150px) 100vw, 150px\" \/><\/a> <a href=\"http:\/\/dev.jary.se\/wp-content\/uploads\/2017\/01\/Harris.jpg\"><img decoding=\"async\" loading=\"lazy\" class=\"alignleft size-thumbnail wp-image-231\" src=\"http:\/\/dev.jary.se\/wp-content\/uploads\/2017\/01\/Harris-150x150.jpg\" alt=\"\" width=\"150\" height=\"150\" srcset=\"http:\/\/jary.se\/wp-content\/uploads\/2017\/01\/Harris-150x150.jpg 150w, http:\/\/jary.se\/wp-content\/uploads\/2017\/01\/Harris-300x300.jpg 300w, http:\/\/jary.se\/wp-content\/uploads\/2017\/01\/Harris-768x768.jpg 768w, http:\/\/jary.se\/wp-content\/uploads\/2017\/01\/Harris-1024x1024.jpg 1024w, http:\/\/jary.se\/wp-content\/uploads\/2017\/01\/Harris-100x100.jpg 100w, http:\/\/jary.se\/wp-content\/uploads\/2017\/01\/Harris.jpg 1450w\" sizes=\"(max-width: 150px) 100vw, 150px\" \/><\/a> <a href=\"http:\/\/dev.jary.se\/wp-content\/uploads\/2017\/01\/Lenny.jpg\"><img decoding=\"async\" loading=\"lazy\" class=\"alignleft size-thumbnail wp-image-234\" src=\"http:\/\/dev.jary.se\/wp-content\/uploads\/2017\/01\/Lenny-150x150.jpg\" alt=\"\" width=\"150\" height=\"150\" srcset=\"http:\/\/jary.se\/wp-content\/uploads\/2017\/01\/Lenny-150x150.jpg 150w, http:\/\/jary.se\/wp-content\/uploads\/2017\/01\/Lenny-100x100.jpg 100w\" sizes=\"(max-width: 150px) 100vw, 150px\" \/><\/a><\/p>\n<p style=\"text-align: center;\">&nbsp;<\/p>\n<p style=\"text-align: center;\">&nbsp;<\/p>\n<p style=\"text-align: center;\">&nbsp;<\/p>\n<p style=\"text-align: center;\">&nbsp;<\/p>\n<p style=\"text-align: center;\">Intressanta hj\u00e4lmm\u00f6ssor fr\u00e5n <strong>ribcap<\/strong>.<br \/>\nM\u00f6ssan har inbyggt skydd, kan passa fint vid skridsko\u00e5kning.&nbsp;<br \/>\nFungerar ju \u00e4ven vid cykling, v\u00e4rmer gott.<br \/>\nSkyddet \u00e4r 60-80 % mot en cykelhj\u00e4lm.&nbsp;<\/p>\n<p style=\"text-align: center;\">&nbsp;<\/p>\n<p style=\"text-align: center;\"><strong>Var r\u00e4dd om dig, \u00e5k&nbsp;alltid med gott s\u00e4llskap och god fika i ryggs\u00e4cken<\/strong><\/p>\n<p style=\"text-align: center;\"><a href=\"http:\/\/dev.jary.se\/wp-content\/uploads\/2017\/01\/Lenny.jpg\"><br \/>\n<\/a> <a href=\"http:\/\/dev.jary.se\/wp-content\/uploads\/2017\/01\/jackson1.png\"><br \/>\n<\/a> <a href=\"http:\/\/dev.jary.se\/wp-content\/uploads\/2017\/01\/Iggy.jpg\"><br \/>\n<\/a><\/p>","protected":false},"excerpt":{"rendered":"<p>L\u00e5ngf\u00e4rdsskridskor &nbsp; Slipning av l\u00e5ngf\u00e4rdsskridskor Unna dig vassa skridskor. Jag slipar dina skridskor med en exakt kurvradie och bryner dem d\u00e4refter. \u00d6vning under betryggande former. Ryggs\u00e4cken med grenband och h\u00f6ftb\u00e4lte g\u00f6r att du flyter. Med isdubbarna tar du dig upp vid den kant du \u00e5kte igenom. Har du tillf\u00e4lle, passa p\u00e5 att prova. En varm &hellip; <\/p>\n<p class=\"link-more\"><a href=\"http:\/\/jary.se\/?page_id=70\" class=\"more-link\">Forts\u00e4tt l\u00e4sa<span class=\"screen-reader-text\"> &#8221;L\u00e5ngf\u00e4rdsskridskor&#8221;<\/span><\/a><\/p>\n","protected":false},"author":1,"featured_media":0,"parent":0,"menu_order":0,"comment_status":"closed","ping_status":"closed","template":"","meta":{"footnotes":""},"_links":{"self":[{"href":"http:\/\/jary.se\/index.php?rest_route=\/wp\/v2\/pages\/70"}],"collection":[{"href":"http:\/\/jary.se\/index.php?rest_route=\/wp\/v2\/pages"}],"about":[{"href":"http:\/\/jary.se\/index.php?rest_route=\/wp\/v2\/types\/page"}],"author":[{"embeddable":true,"href":"http:\/\/jary.se\/index.php?rest_route=\/wp\/v2\/users\/1"}],"replies":[{"embeddable":true,"href":"http:\/\/jary.se\/index.php?rest_route=%2Fwp%2Fv2%2Fcomments&post=70"}],"version-history":[{"count":21,"href":"http:\/\/jary.se\/index.php?rest_route=\/wp\/v2\/pages\/70\/revisions"}],"predecessor-version":[{"id":1396,"href":"http:\/\/jary.se\/index.php?rest_route=\/wp\/v2\/pages\/70\/revisions\/1396"}],"wp:attachment":[{"href":"http:\/\/jary.se\/index.php?rest_route=%2Fwp%2Fv2%2Fmedia&parent=70"}],"curies":[{"name":"wp","href":"https:\/\/api.w.org\/{rel}","templated":true}]}}