{"id":456,"date":"2017-02-16T18:26:27","date_gmt":"2017-02-16T18:26:27","guid":{"rendered":"http:\/\/dev.jary.se\/?page_id=456"},"modified":"2026-04-28T14:15:53","modified_gmt":"2026-04-28T12:15:53","slug":"demo-begagnat","status":"publish","type":"page","link":"http:\/\/jary.se\/?page_id=456","title":{"rendered":"Demo, Begagnat"},"content":{"rendered":"\n<p class=\"has-text-align-center\"><strong>Demo, Begagnat<\/strong><\/p>\n\n\n\n<figure class=\"wp-block-gallery has-nested-images columns-default is-cropped wp-block-gallery-1 is-layout-flex wp-block-gallery-is-layout-flex\">\n<figure class=\"wp-block-image size-full is-style-default\"><img decoding=\"async\" loading=\"lazy\" width=\"558\" height=\"525\" data-id=\"721\" src=\"http:\/\/jary.se\/wp-content\/uploads\/2017\/03\/kopenhamn1-e1705440477231.jpg\" alt=\"\" class=\"wp-image-721\" srcset=\"http:\/\/jary.se\/wp-content\/uploads\/2017\/03\/kopenhamn1-e1705440477231.jpg 558w, http:\/\/jary.se\/wp-content\/uploads\/2017\/03\/kopenhamn1-e1705440477231-300x282.jpg 300w\" sizes=\"(max-width: 558px) 100vw, 558px\" \/><\/figure>\n<\/figure>\n\n\n\n<p class=\"has-text-align-center\">H\u00e4r presenteras ibland n\u00e5gon trevlig cykel som vill ha ny brukare.<\/p>\n\n\n\n<p><\/p>\n\n\n\n<hr class=\"wp-block-separator has-alpha-channel-opacity\"\/>\n\n\n\n<p><\/p>\n\n\n\n<p><\/p>\n\n\n<div class=\"wp-block-image\">\n<figure class=\"alignleft size-large is-resized\"><img decoding=\"async\" loading=\"lazy\" src=\"http:\/\/jary.se\/wp-content\/uploads\/2026\/04\/dorothee-1024x640.jpeg\" alt=\"\" class=\"wp-image-1541\" style=\"width:703px;height:442px\" width=\"703\" height=\"442\"\/><\/figure><\/div>\n\n\n<p><\/p>\n\n\n\n<p class=\"has-text-align-center\"><\/p>\n\n\n\n<figure class=\"wp-block-table alignleft\"><table><tbody><tr><td class=\"has-text-align-left\" data-align=\"left\"><br><strong>Unikt tillf\u00e4lle<\/strong><br>Jag s\u00e4ljer min MissPiggy en rosa Crescent Elora med mittmotor.<br>Den har bl.a tagit mig till FN:s klimatm\u00f6te i Egypten och tillbaka.<br>Bakhjulet med 7 v\u00e4xlar och fotbroms \u00e4r utbytt, \u00e4ven kedja, pedaler, krans och display.<br>Den levereras med tv\u00e5 batterier.<br>Cykeln har f\u00e5tt \u00e5rlig service, och \u00e4r i fint skick.<br><br>Nu blir det ist\u00e4llet en trehjulig liggcykel fr\u00e5n HPvelotechnik.<br>N\u00e4rmast blir det en tur till G\u00e4vle och fredsm\u00f6tet i b\u00f6rjan av maj.<br>Cykelns pris 13000 kr<br><br><br>Kontakta&nbsp;<br>Janne<br><a href=\"mailto:jary@jary.se\">jary@jary.se<\/a><p class=\"p1\" style=\"text-align: center;\"><\/p><\/td><\/tr><\/tbody><\/table><\/figure>\n\n\n\n<p><\/p>\n\n\n\n<p><\/p>\n\n\n\n<p><\/p>\n\n\n\n<p><\/p>\n\n\n\n<p><\/p>\n\n\n\n<p><\/p>\n\n\n\n<p><\/p>\n\n\n\n<figure class=\"wp-block-image size-full is-resized\"><img decoding=\"async\" loading=\"lazy\" src=\"http:\/\/jary.se\/wp-content\/uploads\/2026\/04\/Unknown.jpeg\" alt=\"\" class=\"wp-image-1558\" style=\"width:353px;height:266px\" width=\"353\" height=\"266\" srcset=\"http:\/\/jary.se\/wp-content\/uploads\/2026\/04\/Unknown.jpeg 332w, http:\/\/jary.se\/wp-content\/uploads\/2026\/04\/Unknown-300x226.jpeg 300w\" sizes=\"(max-width: 353px) 100vw, 353px\" \/><\/figure>\n\n\n\n<figure class=\"wp-block-image size-full is-resized\"><img decoding=\"async\" loading=\"lazy\" src=\"http:\/\/jary.se\/wp-content\/uploads\/2026\/04\/Unknown-1.jpeg\" alt=\"\" class=\"wp-image-1561\" style=\"width:351px;height:264px\" width=\"351\" height=\"264\" srcset=\"http:\/\/jary.se\/wp-content\/uploads\/2026\/04\/Unknown-1.jpeg 332w, http:\/\/jary.se\/wp-content\/uploads\/2026\/04\/Unknown-1-300x226.jpeg 300w\" sizes=\"(max-width: 351px) 100vw, 351px\" \/><\/figure>\n\n\n\n<p><\/p>\n\n\n\n<p><\/p>\n\n\n\n<p><\/p>\n\n\n\n<p><\/p>\n\n\n\n<p><\/p>\n\n\n\n<p><\/p>\n\n\n\n<p><\/p>\n\n\n\n<p><\/p>\n\n\n\n<p><\/p>\n\n\n\n<p><\/p>\n\n\n\n<p><\/p>\n\n\n\n<p><\/p>\n\n\n\n<p><\/p>\n\n\n\n<figure class=\"wp-block-image size-large is-resized\"><img decoding=\"async\" loading=\"lazy\" src=\"http:\/\/jary.se\/wp-content\/uploads\/2025\/06\/batavus-torino-1024x768.jpeg\" alt=\"\" class=\"wp-image-1425\" style=\"width:674px;height:506px\" width=\"674\" height=\"506\" srcset=\"http:\/\/jary.se\/wp-content\/uploads\/2025\/06\/batavus-torino-1024x768.jpeg 1024w, http:\/\/jary.se\/wp-content\/uploads\/2025\/06\/batavus-torino-300x225.jpeg 300w, http:\/\/jary.se\/wp-content\/uploads\/2025\/06\/batavus-torino-768x576.jpeg 768w, http:\/\/jary.se\/wp-content\/uploads\/2025\/06\/batavus-torino.jpeg 1440w\" sizes=\"(max-width: 674px) 100vw, 674px\" \/><\/figure>\n\n\n\n<p><\/p>\n\n\n\n<p><\/p>\n\n\n\n<p><strong>Batavus<\/strong> torino<br>Elassisterad med framhjulsmotor, batteri p\u00e5 paketh\u00e5llaren, belysning fram o bak med <br>str\u00f6m fr\u00e5n batteriet, styret g\u00e5r att l\u00e5sa bra d\u00e5 cykelkorgen lastas, korgen \u00e4r inte monterad<br>p\u00e5 bilden, helt\u00e4ckande kedjskydd, justeraskruvar f\u00f6r att str\u00e4cka kedjan.<br>Cykeln \u00e4r ny pris 18000 kr<\/p>\n\n\n\n<p><\/p>\n\n\n\n<figure class=\"wp-block-gallery has-nested-images columns-default is-cropped wp-block-gallery-3 is-layout-flex wp-block-gallery-is-layout-flex\"><\/figure>\n\n\n\n<p><\/p>\n\n\n\n<figure class=\"wp-block-gallery has-nested-images columns-default is-cropped wp-block-gallery-5 is-layout-flex wp-block-gallery-is-layout-flex\"><\/figure>\n","protected":false},"excerpt":{"rendered":"<p>Demo, Begagnat H\u00e4r presenteras ibland n\u00e5gon trevlig cykel som vill ha ny brukare. Unikt tillf\u00e4lleJag s\u00e4ljer min MissPiggy en rosa Crescent Elora med mittmotor.Den har bl.a tagit mig till FN:s klimatm\u00f6te i Egypten och tillbaka.Bakhjulet med 7 v\u00e4xlar och fotbroms \u00e4r utbytt, \u00e4ven kedja, pedaler, krans och display.Den levereras med tv\u00e5 batterier.Cykeln har f\u00e5tt \u00e5rlig &hellip; <\/p>\n<p class=\"link-more\"><a href=\"http:\/\/jary.se\/?page_id=456\" class=\"more-link\">Forts\u00e4tt l\u00e4sa<span class=\"screen-reader-text\"> &#8221;Demo, Begagnat&#8221;<\/span><\/a><\/p>\n","protected":false},"author":1,"featured_media":0,"parent":0,"menu_order":0,"comment_status":"closed","ping_status":"closed","template":"","meta":{"footnotes":""},"_links":{"self":[{"href":"http:\/\/jary.se\/index.php?rest_route=\/wp\/v2\/pages\/456"}],"collection":[{"href":"http:\/\/jary.se\/index.php?rest_route=\/wp\/v2\/pages"}],"about":[{"href":"http:\/\/jary.se\/index.php?rest_route=\/wp\/v2\/types\/page"}],"author":[{"embeddable":true,"href":"http:\/\/jary.se\/index.php?rest_route=\/wp\/v2\/users\/1"}],"replies":[{"embeddable":true,"href":"http:\/\/jary.se\/index.php?rest_route=%2Fwp%2Fv2%2Fcomments&post=456"}],"version-history":[{"count":74,"href":"http:\/\/jary.se\/index.php?rest_route=\/wp\/v2\/pages\/456\/revisions"}],"predecessor-version":[{"id":1582,"href":"http:\/\/jary.se\/index.php?rest_route=\/wp\/v2\/pages\/456\/revisions\/1582"}],"wp:attachment":[{"href":"http:\/\/jary.se\/index.php?rest_route=%2Fwp%2Fv2%2Fmedia&parent=456"}],"curies":[{"name":"wp","href":"https:\/\/api.w.org\/{rel}","templated":true}]}}