{"id":40,"date":"2017-01-23T23:04:59","date_gmt":"2017-01-23T23:04:59","guid":{"rendered":"http:\/\/dev.jary.se\/?page_id=40"},"modified":"2024-01-20T23:17:03","modified_gmt":"2024-01-20T22:17:03","slug":"liggcyklar","status":"publish","type":"page","link":"http:\/\/jary.se\/?page_id=40","title":{"rendered":"Liggcyklar, HPvelotechnik"},"content":{"rendered":"\n<p class=\"has-text-align-center\"><strong>Liggcyklar, HPvelotechnik<\/strong><\/p>\n\n\n<div class=\"wp-block-image\">\n<figure class=\"aligncenter\"><a href=\"http:\/\/dev.jary.se\/wp-content\/uploads\/2017\/01\/fahrt.jpeg\"><img decoding=\"async\" loading=\"lazy\" width=\"500\" height=\"294\" src=\"http:\/\/dev.jary.se\/wp-content\/uploads\/2017\/01\/fahrt.jpeg\" alt=\"\" class=\"wp-image-423\" srcset=\"http:\/\/jary.se\/wp-content\/uploads\/2017\/01\/fahrt.jpeg 500w, http:\/\/jary.se\/wp-content\/uploads\/2017\/01\/fahrt-300x176.jpeg 300w\" sizes=\"(max-width: 500px) 100vw, 500px\" \/><\/a><\/figure><\/div>\n\n\n<p class=\"has-text-align-center\">Liggcyklar, en annorlunda cykelupplevelse.<br> Luta dig tillbaka och njut av vyerna framf\u00f6r dig.<\/p>\n\n\n\n<p class=\"has-text-align-center\">Liggcyklar \u00e4r ingen ny uppfinning, de har funnits sedan 1920-talet.<br>\nLuftmotst\u00e5ndet blir l\u00e4gre och du belastar kroppen p\u00e5 ett annat s\u00e4tt.<br>\nDu slipper domnande h\u00e4nder och sp\u00e4nningar i nacke och axlar.<\/p>\n\n\n\n<p class=\"has-text-align-center\">Tyska <strong>HPvelotechnik<\/strong> g\u00f6r liggcyklar av h\u00f6g kvalit\u00e9.<br>\nP\u00e5 deras egen sida finns mycket information.<br>\n<a href=\"http:\/\/www.hpvelotechnik.com\">www.hpvelotechnik.com<\/a><br>\nDe passar f\u00f6r korta eller l\u00e5nga turer, h\u00e4r hemma eller ute i v\u00e4rlden.<br>\nDe kan utrustas efter dina behov och \u00f6nskem\u00e5l.<\/p>\n\n\n\n<p class=\"has-text-align-center\">Modellprogrammet \u00e4r stort och omfattar b\u00e5de tv\u00e5 och trehjuliga liggcyklar.<br> H\u00e4r under finns en sammanst\u00e4llning av deras modeller.<\/p>\n\n\n\n<p><\/p>\n\n\n\n<figure class=\"wp-block-image size-large\"><img decoding=\"async\" loading=\"lazy\" width=\"1024\" height=\"839\" src=\"http:\/\/jary.se\/wp-content\/uploads\/2024\/01\/Delta-tx-1024x839.jpeg\" alt=\"\" class=\"wp-image-1143\" srcset=\"http:\/\/jary.se\/wp-content\/uploads\/2024\/01\/Delta-tx-1024x839.jpeg 1024w, http:\/\/jary.se\/wp-content\/uploads\/2024\/01\/Delta-tx-300x246.jpeg 300w, http:\/\/jary.se\/wp-content\/uploads\/2024\/01\/Delta-tx-768x630.jpeg 768w, http:\/\/jary.se\/wp-content\/uploads\/2024\/01\/Delta-tx-1536x1259.jpeg 1536w, http:\/\/jary.se\/wp-content\/uploads\/2024\/01\/Delta-tx.jpeg 1776w\" sizes=\"(max-width: 706px) 89vw, (max-width: 767px) 82vw, 740px\" \/><\/figure>\n\n\n\n<p class=\"has-text-align-center\"><strong>Delta tx<\/strong> \u00e4r en helt nyutvecklad trehjulig cykel, alltid El-assisterad, f\u00f6r vardag och fritid.<\/p>\n\n\n\n<p><\/p>\n\n\n<div class=\"wp-block-image\">\n<figure class=\"aligncenter\"><a href=\"http:\/\/dev.jary.se\/wp-content\/uploads\/2017\/01\/Grasshopper-fx.jpg\"><img decoding=\"async\" loading=\"lazy\" width=\"580\" height=\"423\" src=\"http:\/\/dev.jary.se\/wp-content\/uploads\/2017\/01\/Grasshopper-fx.jpg\" alt=\"\" class=\"wp-image-426\" srcset=\"http:\/\/jary.se\/wp-content\/uploads\/2017\/01\/Grasshopper-fx.jpg 580w, http:\/\/jary.se\/wp-content\/uploads\/2017\/01\/Grasshopper-fx-300x219.jpg 300w\" sizes=\"(max-width: 580px) 100vw, 580px\" \/><\/a><figcaption class=\"wp-element-caption\"><span style=\"font-size: 16px;\"><strong>GrassHopper fx<\/strong>, har 20&#8243; hjul och \u00e4r vikbar, perfekt om du vill resa med cykeln.&nbsp;<\/span><\/figcaption><\/figure><\/div>\n\n<div class=\"wp-block-image\">\n<figure class=\"aligncenter\"><a href=\"http:\/\/dev.jary.se\/wp-content\/uploads\/2017\/01\/smgte_links_mitzieher_reise.jpg\"><img decoding=\"async\" loading=\"lazy\" width=\"580\" height=\"423\" src=\"http:\/\/dev.jary.se\/wp-content\/uploads\/2017\/01\/smgte_links_mitzieher_reise.jpg\" alt=\"\" class=\"wp-image-427\" srcset=\"http:\/\/jary.se\/wp-content\/uploads\/2017\/01\/smgte_links_mitzieher_reise.jpg 580w, http:\/\/jary.se\/wp-content\/uploads\/2017\/01\/smgte_links_mitzieher_reise-300x219.jpg 300w\" sizes=\"(max-width: 580px) 100vw, 580px\" \/><\/a><figcaption class=\"wp-element-caption\"><em><span style=\"font-size: 16px;\"><strong>Streetmachine Gte<\/strong>, en h\u00e4rlig l\u00e5ngf\u00e4rdscykel.&nbsp;<\/span><\/em><\/figcaption><\/figure><\/div>\n\n<div class=\"wp-block-image\">\n<figure class=\"aligncenter\"><a href=\"http:\/\/dev.jary.se\/wp-content\/uploads\/2017\/01\/speedmachine_liegerad_mitzi.jpg\"><img decoding=\"async\" loading=\"lazy\" width=\"580\" height=\"423\" src=\"http:\/\/dev.jary.se\/wp-content\/uploads\/2017\/01\/speedmachine_liegerad_mitzi.jpg\" alt=\"\" class=\"wp-image-428\" srcset=\"http:\/\/jary.se\/wp-content\/uploads\/2017\/01\/speedmachine_liegerad_mitzi.jpg 580w, http:\/\/jary.se\/wp-content\/uploads\/2017\/01\/speedmachine_liegerad_mitzi-300x219.jpg 300w\" sizes=\"(max-width: 580px) 100vw, 580px\" \/><\/a><\/figure><\/div>\n\n\n<p class=\"has-text-align-center\"><strong>Speedmachine<\/strong> lite l\u00e4gre, lite snabbare.&nbsp;<\/p>\n\n\n<div class=\"wp-block-image\">\n<figure class=\"aligncenter\"><a href=\"http:\/\/jary.se\/wp-content\/uploads\/2018\/10\/Gekko.jpg\"><img decoding=\"async\" loading=\"lazy\" width=\"580\" height=\"423\" src=\"http:\/\/jary.se\/wp-content\/uploads\/2018\/10\/Gekko.jpg\" alt=\"\" class=\"wp-image-860\" srcset=\"http:\/\/jary.se\/wp-content\/uploads\/2018\/10\/Gekko.jpg 580w, http:\/\/jary.se\/wp-content\/uploads\/2018\/10\/Gekko-300x219.jpg 300w\" sizes=\"(max-width: 580px) 100vw, 580px\" \/><\/a><\/figure><\/div>\n\n\n<p class=\"has-text-align-left\"><\/p>\n\n\n\n<p class=\"has-text-align-center\"><a href=\"http:\/\/jary.se\/wp-content\/uploads\/2018\/10\/Gekko.jpg\"><strong>Gekko 26,&nbsp;<\/strong><\/a>&nbsp;i limegr\u00f6nt.<strong><br>\n<\/strong>Lite&nbsp; h\u00f6gre sittpossiton, basutrustad, fast ram, klarar 150 kg.&nbsp;&nbsp;<\/p>\n\n\n<div class=\"wp-block-image\">\n<figure class=\"aligncenter\"><a href=\"http:\/\/dev.jary.se\/wp-content\/uploads\/2017\/01\/Gekko_fx_26-001.jpg\"><img decoding=\"async\" loading=\"lazy\" width=\"580\" height=\"423\" src=\"http:\/\/dev.jary.se\/wp-content\/uploads\/2017\/01\/Gekko_fx_26-001.jpg\" alt=\"\" class=\"wp-image-432\" srcset=\"http:\/\/jary.se\/wp-content\/uploads\/2017\/01\/Gekko_fx_26-001.jpg 580w, http:\/\/jary.se\/wp-content\/uploads\/2017\/01\/Gekko_fx_26-001-300x219.jpg 300w\" sizes=\"(max-width: 580px) 100vw, 580px\" \/><\/a><figcaption class=\"wp-element-caption\"><span style=\"font-size: 16px;\"><strong>Gekko fx<\/strong> g\u00f6rs med <strong>20&#8243;<\/strong> eller <strong>26&#8243;<\/strong> bakhjul. Cyklarna \u00e4r roliga, kvicka och l\u00e4tta att cykla.&nbsp; &nbsp; &nbsp; &nbsp; &nbsp; &nbsp; &nbsp; &nbsp; &nbsp; &nbsp; &nbsp; &nbsp; &nbsp; &nbsp; &nbsp; &nbsp; &nbsp; &nbsp; &nbsp; &nbsp; &nbsp; &nbsp; &nbsp; &nbsp; &nbsp; &nbsp; &nbsp; &nbsp; &nbsp; &nbsp; &nbsp; &nbsp; &nbsp; &nbsp; &nbsp; &nbsp; &nbsp; &nbsp; &nbsp; &nbsp; &nbsp; &nbsp; &nbsp; &nbsp; &nbsp; &nbsp; &nbsp; &nbsp; &nbsp; &nbsp; &nbsp; &nbsp; &nbsp; &nbsp; &nbsp; &nbsp; &nbsp; &nbsp; &nbsp; &nbsp; &nbsp; &nbsp; &nbsp; &nbsp; &nbsp; &nbsp; &nbsp; &nbsp;&nbsp;<strong>Gekko fxs<\/strong> passar kortare personer, eller personer med s\u00e4rskilt behov, en cykel att v\u00e4xa med. Komplett utrustad med Shimano Nexus 8, sk\u00e4rmar, paketh\u00e5llare,&nbsp; pedaler med rem, justerbart b\u00e4lte, justerbar stol med il\u00e4ggskuddar.&nbsp;<\/span><\/figcaption><\/figure><\/div>\n\n\n<p class=\"has-text-align-center\">&nbsp;<\/p>\n\n\n\n<p class=\"has-text-align-center\">I familjen<strong> Scorpion<\/strong> finns flera olika modeller, genomg\u00e5ende har alla fj\u00e4drad &nbsp;baksving. Alla utom Scorpion&nbsp; \u00e4r vikbara.<\/p>\n\n\n<div class=\"wp-block-image\">\n<figure class=\"aligncenter\"><a href=\"http:\/\/dev.jary.se\/wp-content\/uploads\/2017\/01\/Scorpion.jpg\"><img decoding=\"async\" loading=\"lazy\" width=\"580\" height=\"387\" src=\"http:\/\/dev.jary.se\/wp-content\/uploads\/2017\/01\/Scorpion.jpg\" alt=\"\" class=\"wp-image-434\" srcset=\"http:\/\/jary.se\/wp-content\/uploads\/2017\/01\/Scorpion.jpg 580w, http:\/\/jary.se\/wp-content\/uploads\/2017\/01\/Scorpion-300x200.jpg 300w\" sizes=\"(max-width: 580px) 100vw, 580px\" \/><\/a><figcaption class=\"wp-element-caption\"><span style=\"font-size: 16px;\"><strong>Scorpion <\/strong>, nu med 26&#8243; bakhjul.&nbsp;<\/span><\/figcaption><\/figure><\/div>\n\n<div class=\"wp-block-image\">\n<figure class=\"aligncenter\"><a href=\"http:\/\/dev.jary.se\/wp-content\/uploads\/2017\/01\/hp_velotechnik-scorpion_fx-a14_0060.jpg\"><img decoding=\"async\" loading=\"lazy\" width=\"580\" height=\"423\" src=\"http:\/\/dev.jary.se\/wp-content\/uploads\/2017\/01\/hp_velotechnik-scorpion_fx-a14_0060.jpg\" alt=\"\" class=\"wp-image-539\" srcset=\"http:\/\/jary.se\/wp-content\/uploads\/2017\/01\/hp_velotechnik-scorpion_fx-a14_0060.jpg 580w, http:\/\/jary.se\/wp-content\/uploads\/2017\/01\/hp_velotechnik-scorpion_fx-a14_0060-300x219.jpg 300w\" sizes=\"(max-width: 580px) 100vw, 580px\" \/><\/a><figcaption class=\"wp-element-caption\"><span style=\"font-size: 16px;\"><strong>Scorpion fx<\/strong>, &nbsp;lite h\u00f6gre sittposition, m\u00f6jlighet att f\u00e5 med bra med bagage.&nbsp;&nbsp;<\/span><\/figcaption><\/figure><\/div>\n\n<div class=\"wp-block-image\">\n<figure class=\"aligncenter\"><a href=\"http:\/\/dev.jary.se\/wp-content\/uploads\/2017\/01\/scorpion-fs20.jpg\"><img decoding=\"async\" loading=\"lazy\" width=\"580\" height=\"423\" src=\"http:\/\/dev.jary.se\/wp-content\/uploads\/2017\/01\/scorpion-fs20.jpg\" alt=\"\" class=\"wp-image-438\" srcset=\"http:\/\/jary.se\/wp-content\/uploads\/2017\/01\/scorpion-fs20.jpg 580w, http:\/\/jary.se\/wp-content\/uploads\/2017\/01\/scorpion-fs20-300x219.jpg 300w\" sizes=\"(max-width: 580px) 100vw, 580px\" \/><\/a><figcaption class=\"wp-element-caption\"><span style=\"font-size: 16px;\"><strong>Scorpion fs 20<\/strong> och <strong>Scorpion fs 26<\/strong>, b\u00e5da \u00e4r d\u00e4mpade \u00e4ven p\u00e5 framhjulen, det \u00e4r storleken p\u00e5 bakhjulet som skiljer.&nbsp;<\/span><\/figcaption><\/figure><\/div>\n\n\n<p class=\"has-text-align-center\"><b>&nbsp;<\/b><\/p>\n\n\n<div class=\"wp-block-image\">\n<figure class=\"aligncenter\"><a href=\"http:\/\/dev.jary.se\/wp-content\/uploads\/2017\/01\/Scorpion_fs_26_Enduro-action_01.jpg\"><img decoding=\"async\" loading=\"lazy\" width=\"580\" height=\"380\" src=\"http:\/\/dev.jary.se\/wp-content\/uploads\/2017\/01\/Scorpion_fs_26_Enduro-action_01.jpg\" alt=\"\" class=\"wp-image-439\" srcset=\"http:\/\/jary.se\/wp-content\/uploads\/2017\/01\/Scorpion_fs_26_Enduro-action_01.jpg 580w, http:\/\/jary.se\/wp-content\/uploads\/2017\/01\/Scorpion_fs_26_Enduro-action_01-300x197.jpg 300w\" sizes=\"(max-width: 580px) 100vw, 580px\" \/><\/a><figcaption class=\"wp-element-caption\"><span style=\"font-size: 16px;\"><strong>Scorpion fs 26 Enduro<\/strong>, en held\u00e4mpad terr\u00e4ngcykel.&nbsp;<\/span><\/figcaption><\/figure><\/div>\n\n\n<p class=\"has-text-align-center\"><b>&nbsp;<\/b><\/p>\n\n\n<div class=\"wp-block-image\">\n<figure class=\"aligncenter\"><a href=\"http:\/\/dev.jary.se\/wp-content\/uploads\/2017\/01\/Scorpion_plus_26-005.jpg\"><img decoding=\"async\" loading=\"lazy\" width=\"580\" height=\"387\" src=\"http:\/\/dev.jary.se\/wp-content\/uploads\/2017\/01\/Scorpion_plus_26-005.jpg\" alt=\"\" class=\"wp-image-540\" srcset=\"http:\/\/jary.se\/wp-content\/uploads\/2017\/01\/Scorpion_plus_26-005.jpg 580w, http:\/\/jary.se\/wp-content\/uploads\/2017\/01\/Scorpion_plus_26-005-300x200.jpg 300w\" sizes=\"(max-width: 580px) 100vw, 580px\" \/><\/a><figcaption class=\"wp-element-caption\"><span style=\"font-size: 16px;\"><strong>Scorpion Plus 20<\/strong> och <strong>Scorpion Plus 26<\/strong> \u00e4r cyklar som \u00e4r h\u00f6gre, bredare och bekv\u00e4mare.&nbsp;<\/span><\/figcaption><\/figure><\/div>\n\n<div class=\"wp-block-image\">\n<figure class=\"aligncenter\"><img decoding=\"async\" loading=\"lazy\" width=\"300\" height=\"200\" src=\"http:\/\/jary.se\/wp-content\/uploads\/2021\/11\/Hpv-handcykel-300x200.jpeg\" alt=\"\" class=\"wp-image-1005\" srcset=\"http:\/\/jary.se\/wp-content\/uploads\/2021\/11\/Hpv-handcykel-300x200.jpeg 300w, http:\/\/jary.se\/wp-content\/uploads\/2021\/11\/Hpv-handcykel-768x512.jpeg 768w, http:\/\/jary.se\/wp-content\/uploads\/2021\/11\/Hpv-handcykel-1024x683.jpeg 1024w\" sizes=\"(max-width: 300px) 100vw, 300px\" \/><\/figure><\/div>\n\n\n<p class=\"has-text-align-center\"><a href=\"http:\/\/dev.jary.se\/wp-content\/uploads\/2017\/01\/Scorpion_plus_26-034.jpg\"><strong>Hands-On-Cycle<\/strong><\/a><br>\nNu finns \u00e4ven ett par handdrivna liggcyklar.<br>\n<strong>Gekko fx26<\/strong> kan utrustas f\u00f6r handdrift<br>\n<strong>Scorpion fs20<\/strong> kan utrustas f\u00f6r handdrift<\/p>\n\n\n\n<hr class=\"wp-block-separator has-alpha-channel-opacity\"\/>\n\n\n\n<p class=\"has-text-align-center\">&nbsp;<\/p>\n","protected":false},"excerpt":{"rendered":"<p>Liggcyklar, HPvelotechnik Liggcyklar, en annorlunda cykelupplevelse. Luta dig tillbaka och njut av vyerna framf\u00f6r dig. Liggcyklar \u00e4r ingen ny uppfinning, de har funnits sedan 1920-talet. Luftmotst\u00e5ndet blir l\u00e4gre och du belastar kroppen p\u00e5 ett annat s\u00e4tt. Du slipper domnande h\u00e4nder och sp\u00e4nningar i nacke och axlar. Tyska HPvelotechnik g\u00f6r liggcyklar av h\u00f6g kvalit\u00e9. P\u00e5 deras &hellip; <\/p>\n<p class=\"link-more\"><a href=\"http:\/\/jary.se\/?page_id=40\" class=\"more-link\">Forts\u00e4tt l\u00e4sa<span class=\"screen-reader-text\"> &#8221;Liggcyklar, HPvelotechnik&#8221;<\/span><\/a><\/p>\n","protected":false},"author":1,"featured_media":0,"parent":0,"menu_order":0,"comment_status":"closed","ping_status":"closed","template":"","meta":{"footnotes":""},"_links":{"self":[{"href":"http:\/\/jary.se\/index.php?rest_route=\/wp\/v2\/pages\/40"}],"collection":[{"href":"http:\/\/jary.se\/index.php?rest_route=\/wp\/v2\/pages"}],"about":[{"href":"http:\/\/jary.se\/index.php?rest_route=\/wp\/v2\/types\/page"}],"author":[{"embeddable":true,"href":"http:\/\/jary.se\/index.php?rest_route=\/wp\/v2\/users\/1"}],"replies":[{"embeddable":true,"href":"http:\/\/jary.se\/index.php?rest_route=%2Fwp%2Fv2%2Fcomments&post=40"}],"version-history":[{"count":54,"href":"http:\/\/jary.se\/index.php?rest_route=\/wp\/v2\/pages\/40\/revisions"}],"predecessor-version":[{"id":1373,"href":"http:\/\/jary.se\/index.php?rest_route=\/wp\/v2\/pages\/40\/revisions\/1373"}],"wp:attachment":[{"href":"http:\/\/jary.se\/index.php?rest_route=%2Fwp%2Fv2%2Fmedia&parent=40"}],"curies":[{"name":"wp","href":"https:\/\/api.w.org\/{rel}","templated":true}]}}