{"id":382,"date":"2017-02-05T20:49:28","date_gmt":"2017-02-05T20:49:28","guid":{"rendered":"http:\/\/dev.jary.se\/?page_id=382"},"modified":"2024-01-20T23:31:37","modified_gmt":"2024-01-20T22:31:37","slug":"nihola","status":"publish","type":"page","link":"http:\/\/jary.se\/?page_id=382","title":{"rendered":"Nihola"},"content":{"rendered":"\n<p class=\"has-text-align-center\"><strong>Nihola<\/strong><\/p>\n\n\n<p><a href=\"http:\/\/dev.jary.se\/wp-content\/uploads\/2017\/02\/nihola-1006.jpg\"><img decoding=\"async\" loading=\"lazy\" class=\"size-large wp-image-401 aligncenter\" src=\"http:\/\/dev.jary.se\/wp-content\/uploads\/2017\/02\/nihola-1006-683x1024.jpg\" alt=\"\" width=\"525\" height=\"787\" srcset=\"http:\/\/jary.se\/wp-content\/uploads\/2017\/02\/nihola-1006-683x1024.jpg 683w, http:\/\/jary.se\/wp-content\/uploads\/2017\/02\/nihola-1006-200x300.jpg 200w, http:\/\/jary.se\/wp-content\/uploads\/2017\/02\/nihola-1006-768x1152.jpg 768w, http:\/\/jary.se\/wp-content\/uploads\/2017\/02\/nihola-1006.jpg 1000w\" sizes=\"(max-width: 525px) 100vw, 525px\" \/><\/a><\/p>\n<p style=\"text-align: center;\"><strong>Nihola<\/strong>&nbsp; tillverkas i K\u00f6penhamn.<br \/>\nTv\u00e5 barn f\u00e5r plats p\u00e5 sittb\u00e4nken, det finns \u00e4ven plats f\u00f6r matkassar.<br \/>\nTillsammans med&nbsp;den l\u00e5ga tyngdpunkt blir cyklandet enkelt.<br \/>\nKapell och korgens sidov\u00e4ggar kan f\u00e5s i flera f\u00e4rger.<br \/>\nNaturligtvis finns \u00e4ven elassistans att f\u00e5.<\/p>\n<p style=\"text-align: center;\">I Nihola-familjen finns fler varianter som.<br \/>\n<strong>Nihola Family<\/strong>, b\u00e4nk f\u00f6r tv\u00e5 barn<br \/>\n<strong>Nihola 4,0<\/strong>, har<strong>&nbsp;<\/strong>tv\u00e5 b\u00e4nkar och 4 sittplatser<br \/>\n<strong>Nihola Dog<\/strong>, f\u00f6r din fyrbenta v\u00e4n<br \/>\n<strong>Nihola Low<\/strong>, l\u00e5gt insteg och rund lastkorg<br \/>\n<strong>Nihola Flex<\/strong>, f\u00f6r rullstolstransport<br \/>\n<strong>Nihola Taxi<\/strong>, plats f\u00f6r tv\u00e5 vuxna<\/p>","protected":false},"excerpt":{"rendered":"<p>Nihola Nihola&nbsp; tillverkas i K\u00f6penhamn. Tv\u00e5 barn f\u00e5r plats p\u00e5 sittb\u00e4nken, det finns \u00e4ven plats f\u00f6r matkassar. Tillsammans med&nbsp;den l\u00e5ga tyngdpunkt blir cyklandet enkelt. Kapell och korgens sidov\u00e4ggar kan f\u00e5s i flera f\u00e4rger. Naturligtvis finns \u00e4ven elassistans att f\u00e5. I Nihola-familjen finns fler varianter som. Nihola Family, b\u00e4nk f\u00f6r tv\u00e5 barn Nihola 4,0, har&nbsp;tv\u00e5 b\u00e4nkar &hellip; <\/p>\n<p class=\"link-more\"><a href=\"http:\/\/jary.se\/?page_id=382\" class=\"more-link\">Forts\u00e4tt l\u00e4sa<span class=\"screen-reader-text\"> &#8221;Nihola&#8221;<\/span><\/a><\/p>\n","protected":false},"author":1,"featured_media":0,"parent":0,"menu_order":0,"comment_status":"closed","ping_status":"closed","template":"","meta":{"footnotes":""},"_links":{"self":[{"href":"http:\/\/jary.se\/index.php?rest_route=\/wp\/v2\/pages\/382"}],"collection":[{"href":"http:\/\/jary.se\/index.php?rest_route=\/wp\/v2\/pages"}],"about":[{"href":"http:\/\/jary.se\/index.php?rest_route=\/wp\/v2\/types\/page"}],"author":[{"embeddable":true,"href":"http:\/\/jary.se\/index.php?rest_route=\/wp\/v2\/users\/1"}],"replies":[{"embeddable":true,"href":"http:\/\/jary.se\/index.php?rest_route=%2Fwp%2Fv2%2Fcomments&post=382"}],"version-history":[{"count":13,"href":"http:\/\/jary.se\/index.php?rest_route=\/wp\/v2\/pages\/382\/revisions"}],"predecessor-version":[{"id":1388,"href":"http:\/\/jary.se\/index.php?rest_route=\/wp\/v2\/pages\/382\/revisions\/1388"}],"wp:attachment":[{"href":"http:\/\/jary.se\/index.php?rest_route=%2Fwp%2Fv2%2Fmedia&parent=382"}],"curies":[{"name":"wp","href":"https:\/\/api.w.org\/{rel}","templated":true}]}}