{"id":241,"date":"2017-01-26T16:02:13","date_gmt":"2017-01-26T16:02:13","guid":{"rendered":"http:\/\/dev.jary.se\/?page_id=241"},"modified":"2024-01-20T23:19:12","modified_gmt":"2024-01-20T22:19:12","slug":"birdy","status":"publish","type":"page","link":"http:\/\/jary.se\/?page_id=241","title":{"rendered":"Birdy"},"content":{"rendered":"\n<p class=\"has-text-align-center\"><strong>Birdy<\/strong><\/p>\n\n\n<p><a href=\"http:\/\/dev.jary.se\/wp-content\/uploads\/2017\/01\/birdy-i-berlin.jpg\"><img decoding=\"async\" loading=\"lazy\" class=\"aligncenter wp-image-333 \" src=\"http:\/\/dev.jary.se\/wp-content\/uploads\/2017\/01\/birdy-i-berlin-225x300.jpg\" width=\"425\" height=\"567\" srcset=\"http:\/\/jary.se\/wp-content\/uploads\/2017\/01\/birdy-i-berlin-225x300.jpg 225w, http:\/\/jary.se\/wp-content\/uploads\/2017\/01\/birdy-i-berlin.jpg 634w\" sizes=\"(max-width: 425px) 100vw, 425px\" \/><\/a><\/p>\n<p style=\"text-align: center;\"><span style=\"font-size: 16px;\">M\u00e5nga g\u00e5nger kan det vara en stor f\u00f6rdel att ha en cykel<br \/>\nsom l\u00e4tt g\u00e5r att ta med: bilen, t\u00e5get, b\u00e5ten, flyget, husvagnen mm.<\/span><\/p>\n<p style=\"text-align: center;\"><span style=\"font-size: 16px;\">En ny generation av Birdy, f\u00f6rfinad p\u00e5 ett 20-tal punkter.<br \/>\nSom tidigare, aluminiumram, 18&#8243; hjul, held\u00e4mpad.<br \/>\nDen har fina k\u00f6regenskaper och kan m\u00e5nga g\u00e5nger ers\u00e4tta en vanlig cykel.<br \/>\nHopvikt har den m\u00e5tten79x61x36 cm.<br \/>\nAtt f\u00e5 den k\u00f6rklar eller att vika ihop den tar ca 15 sekunder, efter lite tr\u00e4ning.<\/span><\/p>\n<p class=\"style1\" style=\"text-align: center;\"><a href=\"http:\/\/dev.jary.se\/wp-content\/uploads\/2017\/01\/birdy-ny.jpg\"><img decoding=\"async\" loading=\"lazy\" class=\"size-full wp-image-335 aligncenter\" src=\"http:\/\/dev.jary.se\/wp-content\/uploads\/2017\/01\/birdy-ny.jpg\" alt=\"\" width=\"912\" height=\"607\" srcset=\"http:\/\/jary.se\/wp-content\/uploads\/2017\/01\/birdy-ny.jpg 912w, http:\/\/jary.se\/wp-content\/uploads\/2017\/01\/birdy-ny-300x200.jpg 300w, http:\/\/jary.se\/wp-content\/uploads\/2017\/01\/birdy-ny-768x511.jpg 768w\" sizes=\"(max-width: 706px) 89vw, (max-width: 767px) 82vw, 740px\" \/><\/a><\/p>\n<p class=\"style1\" style=\"text-align: center;\"><span style=\"font-size: 16px;\">Jag har n\u00e5gon&nbsp; Birdy modell hemma<br \/>\nAlla \u00e4r utrustade med hydraliska skivbromsar, sk\u00e4rmar och st\u00f6d.<br \/>\n<\/span><span style=\"font-size: xx-small;\"><br \/>\n<span style=\"font-size: 16px;\"><strong>Birdy <\/strong>med<\/span><\/span><span style=\"font-size: 16px;\">&nbsp;Shimano Nexus 8 navv\u00e4xel, d\u00e4ck Big Apple , navdynamo&nbsp;<\/span><br \/>\n<span style=\"font-size: 16px;\"><strong>Birdy <\/strong>med 9 v\u00e4xlad kedjev\u00e4xel, d\u00e4ck Marathon Racer.&nbsp; &nbsp;<br \/>\n<\/span><span style=\"font-size: 16px;\"><strong>Birdy<\/strong> med 24 v\u00e4xlar, nav och kedjev\u00e4xel, d\u00e4ck Big Apple, navdynamo<\/span><\/p>\n<p style=\"text-align: center;\">Som tidigare g\u00e5r det att komplettera med Expeditions paketh\u00e5llare och lowride, om du vill ge dig ut p\u00e5 l\u00e5ngtur.<\/p>","protected":false},"excerpt":{"rendered":"<p>Birdy M\u00e5nga g\u00e5nger kan det vara en stor f\u00f6rdel att ha en cykel som l\u00e4tt g\u00e5r att ta med: bilen, t\u00e5get, b\u00e5ten, flyget, husvagnen mm. En ny generation av Birdy, f\u00f6rfinad p\u00e5 ett 20-tal punkter. Som tidigare, aluminiumram, 18&#8243; hjul, held\u00e4mpad. Den har fina k\u00f6regenskaper och kan m\u00e5nga g\u00e5nger ers\u00e4tta en vanlig cykel. Hopvikt har &hellip; <\/p>\n<p class=\"link-more\"><a href=\"http:\/\/jary.se\/?page_id=241\" class=\"more-link\">Forts\u00e4tt l\u00e4sa<span class=\"screen-reader-text\"> &#8221;Birdy&#8221;<\/span><\/a><\/p>\n","protected":false},"author":1,"featured_media":0,"parent":0,"menu_order":0,"comment_status":"closed","ping_status":"closed","template":"","meta":{"footnotes":""},"_links":{"self":[{"href":"http:\/\/jary.se\/index.php?rest_route=\/wp\/v2\/pages\/241"}],"collection":[{"href":"http:\/\/jary.se\/index.php?rest_route=\/wp\/v2\/pages"}],"about":[{"href":"http:\/\/jary.se\/index.php?rest_route=\/wp\/v2\/types\/page"}],"author":[{"embeddable":true,"href":"http:\/\/jary.se\/index.php?rest_route=\/wp\/v2\/users\/1"}],"replies":[{"embeddable":true,"href":"http:\/\/jary.se\/index.php?rest_route=%2Fwp%2Fv2%2Fcomments&post=241"}],"version-history":[{"count":20,"href":"http:\/\/jary.se\/index.php?rest_route=\/wp\/v2\/pages\/241\/revisions"}],"predecessor-version":[{"id":1375,"href":"http:\/\/jary.se\/index.php?rest_route=\/wp\/v2\/pages\/241\/revisions\/1375"}],"wp:attachment":[{"href":"http:\/\/jary.se\/index.php?rest_route=%2Fwp%2Fv2%2Fmedia&parent=241"}],"curies":[{"name":"wp","href":"https:\/\/api.w.org\/{rel}","templated":true}]}}