{"id":239,"date":"2017-01-26T16:01:57","date_gmt":"2017-01-26T16:01:57","guid":{"rendered":"http:\/\/dev.jary.se\/?page_id=239"},"modified":"2024-01-20T23:22:21","modified_gmt":"2024-01-20T22:22:21","slug":"brompton","status":"publish","type":"page","link":"http:\/\/jary.se\/?page_id=239","title":{"rendered":"Brompton"},"content":{"rendered":"\n<figure class=\"wp-block-image\"><a href=\"http:\/\/dev.jary.se\/wp-content\/uploads\/2017\/01\/colormainframes.jpg\"><img decoding=\"async\" loading=\"lazy\" width=\"300\" height=\"96\" src=\"http:\/\/jary.se\/wp-content\/uploads\/2023\/02\/Logo-Brompton-300x96.jpeg\" alt=\"\" class=\"wp-image-1096\" srcset=\"http:\/\/jary.se\/wp-content\/uploads\/2023\/02\/Logo-Brompton-300x96.jpeg 300w, http:\/\/jary.se\/wp-content\/uploads\/2023\/02\/Logo-Brompton-768x246.jpeg 768w, http:\/\/jary.se\/wp-content\/uploads\/2023\/02\/Logo-Brompton-1024x328.jpeg 1024w, http:\/\/jary.se\/wp-content\/uploads\/2023\/02\/Logo-Brompton.jpeg 1206w\" sizes=\"(max-width: 300px) 100vw, 300px\" \/><\/a><\/figure>\n\n\n\n<figure class=\"wp-block-image\"><a href=\"http:\/\/dev.jary.se\/wp-content\/uploads\/2017\/01\/L1090265.jpg\"><img decoding=\"async\" loading=\"lazy\" width=\"986\" height=\"739\" src=\"http:\/\/dev.jary.se\/wp-content\/uploads\/2017\/01\/L1090265.jpg\" alt=\"\" class=\"wp-image-249\" srcset=\"http:\/\/jary.se\/wp-content\/uploads\/2017\/01\/L1090265.jpg 986w, http:\/\/jary.se\/wp-content\/uploads\/2017\/01\/L1090265-300x225.jpg 300w, http:\/\/jary.se\/wp-content\/uploads\/2017\/01\/L1090265-768x576.jpg 768w\" sizes=\"(max-width: 706px) 89vw, (max-width: 767px) 82vw, 740px\" \/><\/a><\/figure>\n\n\n\n<p class=\"has-text-align-center\"><\/p>\n\n\n\n<p class=\"has-text-align-center\">En handbygd cykel fr\u00e5n England som ofta varit f\u00f6rebild f\u00f6r m\u00e5nga andra.<br>Den \u00e4r suver\u00e4n att f\u00e4lla ihop och f\u00e5r ett mycket kompakt m\u00e5tt.<br>L\u00e4tt att ta med, fin att cykla p\u00e5.&nbsp;M\u00e5tt hopvikt 56,5x 27x 58,5 cm<br>Du kan bygga din <strong>BROMPTON<\/strong> efter egna \u00f6nskem\u00e5l<\/p>\n\n\n\n<p class=\"has-text-align-center\">Det finns nu flera olika modellserier,<br><strong>C-line<\/strong>, den klssiska modellen med st\u00e5lram&nbsp; 2,3 eller 6 v\u00e4xlar<br><strong>P-line<\/strong>, en l\u00e4ttare cykel med vissa delar i titan, 4 v\u00e4xlar<br><strong>T-line<\/strong>, superl\u00e4tt i titan fr\u00e5n 7,45 kg, 1 eller 4 v\u00e4xlar<br><strong>Electric<\/strong>, den mest kompakta vikbara elcykel<\/p>\n\n\n<div class=\"wp-block-image\">\n<figure class=\"aligncenter is-resized\"><a href=\"http:\/\/dev.jary.se\/wp-content\/uploads\/2017\/01\/colormainframes.jpg\"><img decoding=\"async\" loading=\"lazy\" src=\"http:\/\/jary.se\/wp-content\/uploads\/2023\/02\/brompton-i-action-300x300.jpeg\" alt=\"\" class=\"wp-image-1094\" style=\"width:478px;height:478px\" width=\"478\" height=\"478\" srcset=\"http:\/\/jary.se\/wp-content\/uploads\/2023\/02\/brompton-i-action-300x300.jpeg 300w, http:\/\/jary.se\/wp-content\/uploads\/2023\/02\/brompton-i-action-150x150.jpeg 150w, http:\/\/jary.se\/wp-content\/uploads\/2023\/02\/brompton-i-action-768x768.jpeg 768w, http:\/\/jary.se\/wp-content\/uploads\/2023\/02\/brompton-i-action-100x100.jpeg 100w, http:\/\/jary.se\/wp-content\/uploads\/2023\/02\/brompton-i-action.jpeg 950w\" sizes=\"(max-width: 478px) 100vw, 478px\" \/><\/a><\/figure><\/div>\n\n\n<p class=\"has-text-align-center\"><\/p>\n\n\n\n<p class=\"has-text-align-center\">&nbsp;Styret finns i tre h\u00f6jder,<br><strong>S<\/strong>. l\u00e5gt o sportigt<br><strong>M<\/strong> h\u00e4r sitter du lite mer uppr\u00e4tt<br><strong>H<\/strong> det h\u00f6gsta, du sitter uppr\u00e4tt<br>Sk\u00e4rmar \u00e4r klokt att ha, m\u00f6jligt att v\u00e4lja paketh\u00e5llare<br>\u00c4r du l\u00e4ngre \u00e4n 180 cm kan du beh\u00f6va en l\u00e4ngre sadelstolpe<br>Varf\u00f6r inte en fin l\u00e4dersadel fr\u00e5n Brooks<br>Belysning i form av navdynamo \u00e4r funktionellt<br>Tillbeh\u00f6r som olika v\u00e4skor som smidigt klickas fast.<\/p>\n\n\n<div class=\"wp-block-image\">\n<figure class=\"aligncenter is-resized\"><img decoding=\"async\" loading=\"lazy\" src=\"http:\/\/jary.se\/wp-content\/uploads\/2023\/02\/brompton-C-Line-pa\u030a-cafe-300x264.jpeg\" alt=\"\" class=\"wp-image-1095\" style=\"width:462px;height:407px\" width=\"462\" height=\"407\" srcset=\"http:\/\/jary.se\/wp-content\/uploads\/2023\/02\/brompton-C-Line-pa\u030a-cafe-300x264.jpeg 300w, http:\/\/jary.se\/wp-content\/uploads\/2023\/02\/brompton-C-Line-pa\u030a-cafe-768x677.jpeg 768w, http:\/\/jary.se\/wp-content\/uploads\/2023\/02\/brompton-C-Line-pa\u030a-cafe.jpeg 840w\" sizes=\"(max-width: 462px) 100vw, 462px\" \/><\/figure><\/div>\n\n\n<p class=\"has-text-align-center\"><\/p>\n\n\n\n<p class=\"has-text-align-center\">Du tar l\u00e4tt med dig cykeln, som h\u00e4r p\u00e5 ett cafe, du har den under uppsikt,<br>st\u00f6ldrisken har du eliminerat.<\/p>\n\n\n\n<p class=\"has-text-align-center\">P\u00e5 t\u00e5get tar du den med som handbagage, utan kostnad .<br>T\u00e5gpersonal kr\u00e4ver ett&nbsp;fodral \u00f6ver cykeln .<\/p>\n\n\n\n<p><\/p>\n\n\n<div class=\"wp-block-image\">\n<figure class=\"aligncenter size-large is-resized\"><img decoding=\"async\" loading=\"lazy\" src=\"http:\/\/jary.se\/wp-content\/uploads\/2023\/09\/Brompton-i-vaska-890x1024.jpg\" alt=\"\" class=\"wp-image-1124\" style=\"width:511px;height:588px\" width=\"511\" height=\"588\" srcset=\"http:\/\/jary.se\/wp-content\/uploads\/2023\/09\/Brompton-i-vaska-890x1024.jpg 890w, http:\/\/jary.se\/wp-content\/uploads\/2023\/09\/Brompton-i-vaska-261x300.jpg 261w, http:\/\/jary.se\/wp-content\/uploads\/2023\/09\/Brompton-i-vaska-768x884.jpg 768w, http:\/\/jary.se\/wp-content\/uploads\/2023\/09\/Brompton-i-vaska-1334x1536.jpg 1334w, http:\/\/jary.se\/wp-content\/uploads\/2023\/09\/Brompton-i-vaska-1779x2048.jpg 1779w, http:\/\/jary.se\/wp-content\/uploads\/2023\/09\/Brompton-i-vaska.jpg 1900w\" sizes=\"(max-width: 511px) 100vw, 511px\" \/><figcaption class=\"wp-element-caption\">Varf\u00f6r inte en rull-v\u00e4ska som \u00e4r specialanpassad f\u00f6r din Brompton.<\/figcaption><\/figure><\/div>\n\n\n<p class=\"has-text-align-center\"><strong>Vi ses kanske p\u00e5 t\u00e5get!<\/strong><\/p>\n\n\n\n<p><\/p>\n\n\n\n<p><\/p>\n\n\n\n<p><\/p>\n\n\n\n<p><\/p>\n\n\n\n<p><\/p>\n\n\n\n<p><\/p>\n\n\n\n<p><\/p>\n","protected":false},"excerpt":{"rendered":"<p>En handbygd cykel fr\u00e5n England som ofta varit f\u00f6rebild f\u00f6r m\u00e5nga andra.Den \u00e4r suver\u00e4n att f\u00e4lla ihop och f\u00e5r ett mycket kompakt m\u00e5tt.L\u00e4tt att ta med, fin att cykla p\u00e5.&nbsp;M\u00e5tt hopvikt 56,5x 27x 58,5 cmDu kan bygga din BROMPTON efter egna \u00f6nskem\u00e5l Det finns nu flera olika modellserier,C-line, den klssiska modellen med st\u00e5lram&nbsp; 2,3 eller &hellip; <\/p>\n<p class=\"link-more\"><a href=\"http:\/\/jary.se\/?page_id=239\" class=\"more-link\">Forts\u00e4tt l\u00e4sa<span class=\"screen-reader-text\"> &#8221;Brompton&#8221;<\/span><\/a><\/p>\n","protected":false},"author":1,"featured_media":1124,"parent":0,"menu_order":0,"comment_status":"closed","ping_status":"closed","template":"","meta":{"footnotes":""},"_links":{"self":[{"href":"http:\/\/jary.se\/index.php?rest_route=\/wp\/v2\/pages\/239"}],"collection":[{"href":"http:\/\/jary.se\/index.php?rest_route=\/wp\/v2\/pages"}],"about":[{"href":"http:\/\/jary.se\/index.php?rest_route=\/wp\/v2\/types\/page"}],"author":[{"embeddable":true,"href":"http:\/\/jary.se\/index.php?rest_route=\/wp\/v2\/users\/1"}],"replies":[{"embeddable":true,"href":"http:\/\/jary.se\/index.php?rest_route=%2Fwp%2Fv2%2Fcomments&post=239"}],"version-history":[{"count":28,"href":"http:\/\/jary.se\/index.php?rest_route=\/wp\/v2\/pages\/239\/revisions"}],"predecessor-version":[{"id":1378,"href":"http:\/\/jary.se\/index.php?rest_route=\/wp\/v2\/pages\/239\/revisions\/1378"}],"wp:featuredmedia":[{"embeddable":true,"href":"http:\/\/jary.se\/index.php?rest_route=\/wp\/v2\/media\/1124"}],"wp:attachment":[{"href":"http:\/\/jary.se\/index.php?rest_route=%2Fwp%2Fv2%2Fmedia&parent=239"}],"curies":[{"name":"wp","href":"https:\/\/api.w.org\/{rel}","templated":true}]}}