{"id":2,"date":"2017-01-23T15:15:55","date_gmt":"2017-01-23T15:15:55","guid":{"rendered":"http:\/\/dev.jary.se\/?page_id=2"},"modified":"2026-02-08T10:28:49","modified_gmt":"2026-02-08T09:28:49","slug":"about","status":"publish","type":"page","link":"http:\/\/jary.se\/","title":{"rendered":""},"content":{"rendered":"<p class=\"style4\" style=\"text-align: center;\" align=\"center\"><span style=\"font-size: 18px;\"><a href=\"http:\/\/dev.jary.se\/wp-content\/uploads\/2017\/01\/hostcykling.jpg\"><img decoding=\"async\" loading=\"lazy\" class=\"size-full wp-image-559 aligncenter\" src=\"http:\/\/dev.jary.se\/wp-content\/uploads\/2017\/01\/hostcykling.jpg\" alt=\"\" width=\"901\" height=\"676\" srcset=\"http:\/\/jary.se\/wp-content\/uploads\/2017\/01\/hostcykling.jpg 901w, http:\/\/jary.se\/wp-content\/uploads\/2017\/01\/hostcykling-300x225.jpg 300w, http:\/\/jary.se\/wp-content\/uploads\/2017\/01\/hostcykling-768x576.jpg 768w\" sizes=\"(max-width: 706px) 89vw, (max-width: 767px) 82vw, 740px\" \/><\/a><\/span><\/p>\n<p class=\"style4\" style=\"text-align: center;\" align=\"center\"><strong>Du som uppt\u00e4ckt tjusningen med att cykla.<\/strong><br \/>\nF\u00f6r att m\u00e5 v\u00e4l, klara dagliga transporter, minska p\u00e5 utgifterna, vara milj\u00f6smart,<br \/>\ngenom att dra ditt str\u00e5 till stacken f\u00f6r en b\u00e4ttre v\u00e4rld, eller bara berika din fritid.<\/p>\n<p class=\"style4\" style=\"text-align: center;\" align=\"center\">Jag kan erbjuda cyklar f\u00f6r m\u00e5nga skiftande behov t.ex.<br \/>\nLiggcyklar, som ger cyklingen nya dimensioner.<br \/>\nTransportcyklar, som fraktar det mesta.<br \/>\nVikbara cyklar, som du l\u00e4tt tar med.<br \/>\nElcyklar, som ger dig hj\u00e4lp p\u00e5 v\u00e4gen.<\/p>\n<p class=\"style4\" style=\"text-align: center;\" align=\"center\">Jag har en hel del cyklar hemma.<br \/>\nVill du provcykla liggcyklar g\u00e5r det bra<br \/>\neller k\u00e4nna hur det \u00e4r att cykla p\u00e5 en mindre cykel<br \/>\nsom l\u00e4tt g\u00e5r att ta med p\u00e5 t\u00e5get.<\/p>\n<p style=\"text-align: center;\"><strong>V\u00c4LKOMMEN p\u00e5 en provtur<\/strong><\/p>\n<hr \/>\n<div class=\"textwidget\">\n<p style=\"text-align: left;\">\u00a0 \u00a0 \u00a0 \u00a0 \u00a0 \u00a0 \u00a0 \u00a0 \u00a0 \u00a0 \u00a0 \u00a0 \u00a0 \u00a0 H\u00f6kv\u00e4gen 5 \u00a0 \u00a0 \u00a0 \u00a0 \u00a0 \u00a0 \u00a0 \u00a0 \u00a0 \u00a0 \u00a0 \u00a0 \u00a0 \u00a0 \u00a0 \u00a0 \u00a0 \u00a0 \u00a0 \u00a0 \u00a0 \u00a0 \u00a0 \u00a0 \u00a0 \u00a0 tel: \u00a00709-706046<br \/>\n352 42 V\u00e4xj\u00f6<br \/>\nE-post: jary(at)jary.se \u00a0 \u00a0 \u00a0 \u00a0 \u00a0 \u00a0 \u00a0 \u00a0 \u00a0 \u00a0 \u00a0 \u00a0 \u00a0 \u00a0 \u00a0 \u00a0 f\u00f6r \u00f6ppettider ring<\/p>\n<hr \/>\n<p style=\"text-align: left;\">\n<\/div>\n","protected":false},"excerpt":{"rendered":"<p>Du som uppt\u00e4ckt tjusningen med att cykla. F\u00f6r att m\u00e5 v\u00e4l, klara dagliga transporter, minska p\u00e5 utgifterna, vara milj\u00f6smart, genom att dra ditt str\u00e5 till stacken f\u00f6r en b\u00e4ttre v\u00e4rld, eller bara berika din fritid. Jag kan erbjuda cyklar f\u00f6r m\u00e5nga skiftande behov t.ex. Liggcyklar, som ger cyklingen nya dimensioner. Transportcyklar, som fraktar det mesta. &hellip; <\/p>\n<p class=\"link-more\"><a href=\"http:\/\/jary.se\/\" class=\"more-link\">Forts\u00e4tt l\u00e4sa<span class=\"screen-reader-text\"> &#8221;&#8221;<\/span><\/a><\/p>\n","protected":false},"author":1,"featured_media":0,"parent":0,"menu_order":0,"comment_status":"closed","ping_status":"closed","template":"","meta":{"footnotes":""},"_links":{"self":[{"href":"http:\/\/jary.se\/index.php?rest_route=\/wp\/v2\/pages\/2"}],"collection":[{"href":"http:\/\/jary.se\/index.php?rest_route=\/wp\/v2\/pages"}],"about":[{"href":"http:\/\/jary.se\/index.php?rest_route=\/wp\/v2\/types\/page"}],"author":[{"embeddable":true,"href":"http:\/\/jary.se\/index.php?rest_route=\/wp\/v2\/users\/1"}],"replies":[{"embeddable":true,"href":"http:\/\/jary.se\/index.php?rest_route=%2Fwp%2Fv2%2Fcomments&post=2"}],"version-history":[{"count":45,"href":"http:\/\/jary.se\/index.php?rest_route=\/wp\/v2\/pages\/2\/revisions"}],"predecessor-version":[{"id":1458,"href":"http:\/\/jary.se\/index.php?rest_route=\/wp\/v2\/pages\/2\/revisions\/1458"}],"wp:attachment":[{"href":"http:\/\/jary.se\/index.php?rest_route=%2Fwp%2Fv2%2Fmedia&parent=2"}],"curies":[{"name":"wp","href":"https:\/\/api.w.org\/{rel}","templated":true}]}}