{"id":181,"date":"2017-01-26T11:36:14","date_gmt":"2017-01-26T11:36:14","guid":{"rendered":"http:\/\/dev.jary.se\/?page_id=181"},"modified":"2024-01-20T23:24:34","modified_gmt":"2024-01-20T22:24:34","slug":"montague","status":"publish","type":"page","link":"http:\/\/jary.se\/?page_id=181","title":{"rendered":"Montague"},"content":{"rendered":"\n<p class=\"has-text-align-center\"><strong>Montague<\/strong><\/p>\n\n\n<p><a href=\"http:\/\/dev.jary.se\/wp-content\/uploads\/2017\/01\/montague.jpg\"><br \/>\n<\/a><a href=\"http:\/\/dev.jary.se\/wp-content\/uploads\/2017\/01\/Montague-paratrooper.jpg\"><img decoding=\"async\" loading=\"lazy\" class=\"size-full wp-image-321 aligncenter\" src=\"http:\/\/dev.jary.se\/wp-content\/uploads\/2017\/01\/Montague-paratrooper.jpg\" alt=\"\" width=\"864\" height=\"486\" srcset=\"http:\/\/jary.se\/wp-content\/uploads\/2017\/01\/Montague-paratrooper.jpg 864w, http:\/\/jary.se\/wp-content\/uploads\/2017\/01\/Montague-paratrooper-300x169.jpg 300w, http:\/\/jary.se\/wp-content\/uploads\/2017\/01\/Montague-paratrooper-768x432.jpg 768w\" sizes=\"(max-width: 706px) 89vw, (max-width: 767px) 82vw, 740px\" \/><\/a><a href=\"http:\/\/dev.jary.se\/wp-content\/uploads\/2017\/01\/Crosstown.jpg\"><br \/>\n<\/a><\/p>\n<p style=\"text-align: center;\">PARATROOPER \u00e4r en fullv\u00e4rdig MTB, skivbromsar, fj\u00e4drad framgaffel mm.<br \/>\nKlarar alla typer av t\u00e4rr\u00e4ng. Enkelt f\u00e4lls den ihop f\u00f6r att underl\u00e4tta transport p\u00e5 olika transportmedel.&nbsp;<\/p>\n<p style=\"text-align: center;\">&nbsp;<\/p>\n<p style=\"text-align: center;\"><a href=\"http:\/\/dev.jary.se\/wp-content\/uploads\/2017\/01\/PARATROOPER-PRO.jpg\"><img decoding=\"async\" loading=\"lazy\" class=\"size-full wp-image-318 alignnone\" src=\"http:\/\/dev.jary.se\/wp-content\/uploads\/2017\/01\/PARATROOPER-PRO.jpg\" alt=\"\" width=\"1300\" height=\"835\" srcset=\"http:\/\/jary.se\/wp-content\/uploads\/2017\/01\/PARATROOPER-PRO.jpg 1300w, http:\/\/jary.se\/wp-content\/uploads\/2017\/01\/PARATROOPER-PRO-300x193.jpg 300w, http:\/\/jary.se\/wp-content\/uploads\/2017\/01\/PARATROOPER-PRO-768x493.jpg 768w, http:\/\/jary.se\/wp-content\/uploads\/2017\/01\/PARATROOPER-PRO-1024x658.jpg 1024w\" sizes=\"(max-width: 706px) 89vw, (max-width: 767px) 82vw, 740px\" \/><\/a><\/p>\n<p style=\"text-align: center;\">PARATROOPER PRO har nu f\u00e5tt paketh\u00e5llare och sk\u00e4rmar som inte \u00e4r i v\u00e4gen n\u00e4r den viks ihop. 26&#8243; hjul, 27 v\u00e4xlar, vikt 13,2 kg.<br \/>\nM\u00e5tt hopvikt 76x30x90 cm.&nbsp;<\/p>\n<p style=\"text-align: center;\">&nbsp;<\/p>\n<p style=\"text-align: center;\">&nbsp;<\/p>\n<figure id=\"attachment_324\" aria-describedby=\"caption-attachment-324\" style=\"width: 300px\" class=\"wp-caption alignright\"><a href=\"http:\/\/dev.jary.se\/wp-content\/uploads\/2017\/01\/montague.jpg\"><img decoding=\"async\" loading=\"lazy\" class=\"wp-image-324 size-medium\" src=\"http:\/\/dev.jary.se\/wp-content\/uploads\/2017\/01\/montague-300x225.jpg\" width=\"300\" height=\"225\" srcset=\"http:\/\/jary.se\/wp-content\/uploads\/2017\/01\/montague-300x225.jpg 300w, http:\/\/jary.se\/wp-content\/uploads\/2017\/01\/montague.jpg 354w\" sizes=\"(max-width: 300px) 100vw, 300px\" \/><\/a><figcaption id=\"caption-attachment-324\" class=\"wp-caption-text\">I v\u00e4ntan p\u00e5 t\u00e5get&nbsp;<\/figcaption><\/figure>\n<figure id=\"attachment_317\" aria-describedby=\"caption-attachment-317\" style=\"width: 300px\" class=\"wp-caption alignleft\"><a href=\"http:\/\/dev.jary.se\/wp-content\/uploads\/2017\/01\/Crosstown.jpg\"><img decoding=\"async\" loading=\"lazy\" class=\"wp-image-317 size-medium\" src=\"http:\/\/dev.jary.se\/wp-content\/uploads\/2017\/01\/Crosstown-300x192.jpg\" width=\"300\" height=\"192\" srcset=\"http:\/\/jary.se\/wp-content\/uploads\/2017\/01\/Crosstown-300x192.jpg 300w, http:\/\/jary.se\/wp-content\/uploads\/2017\/01\/Crosstown-768x490.jpg 768w, http:\/\/jary.se\/wp-content\/uploads\/2017\/01\/Crosstown-1024x654.jpg 1024w, http:\/\/jary.se\/wp-content\/uploads\/2017\/01\/Crosstown.jpg 1200w\" sizes=\"(max-width: 300px) 100vw, 300px\" \/><\/a><figcaption id=\"caption-attachment-317\" class=\"wp-caption-text\">&nbsp;Montague tillverkar \u00e4ven stads och&nbsp;landsv\u00e4gscyklar, de viks ihop p\u00e5 samma s\u00e4tt som Paratrooper.&nbsp; H\u00e4r Crosstown med 28&#8243; hjul, 7-v\u00e4xlar, 12,8 kg.&nbsp;<\/figcaption><\/figure>\n<p style=\"text-align: center;\">&nbsp;<\/p>\n<p style=\"text-align: center;\">&nbsp;<\/p>\n<p style=\"text-align: center;\">&nbsp;<\/p>\n<p>&nbsp;<\/p>","protected":false},"excerpt":{"rendered":"<p>Montague PARATROOPER \u00e4r en fullv\u00e4rdig MTB, skivbromsar, fj\u00e4drad framgaffel mm. Klarar alla typer av t\u00e4rr\u00e4ng. Enkelt f\u00e4lls den ihop f\u00f6r att underl\u00e4tta transport p\u00e5 olika transportmedel.&nbsp; &nbsp; PARATROOPER PRO har nu f\u00e5tt paketh\u00e5llare och sk\u00e4rmar som inte \u00e4r i v\u00e4gen n\u00e4r den viks ihop. 26&#8243; hjul, 27 v\u00e4xlar, vikt 13,2 kg. M\u00e5tt hopvikt 76x30x90 cm.&nbsp; &hellip; <\/p>\n<p class=\"link-more\"><a href=\"http:\/\/jary.se\/?page_id=181\" class=\"more-link\">Forts\u00e4tt l\u00e4sa<span class=\"screen-reader-text\"> &#8221;Montague&#8221;<\/span><\/a><\/p>\n","protected":false},"author":1,"featured_media":0,"parent":0,"menu_order":0,"comment_status":"closed","ping_status":"closed","template":"","meta":{"footnotes":""},"_links":{"self":[{"href":"http:\/\/jary.se\/index.php?rest_route=\/wp\/v2\/pages\/181"}],"collection":[{"href":"http:\/\/jary.se\/index.php?rest_route=\/wp\/v2\/pages"}],"about":[{"href":"http:\/\/jary.se\/index.php?rest_route=\/wp\/v2\/types\/page"}],"author":[{"embeddable":true,"href":"http:\/\/jary.se\/index.php?rest_route=\/wp\/v2\/users\/1"}],"replies":[{"embeddable":true,"href":"http:\/\/jary.se\/index.php?rest_route=%2Fwp%2Fv2%2Fcomments&post=181"}],"version-history":[{"count":21,"href":"http:\/\/jary.se\/index.php?rest_route=\/wp\/v2\/pages\/181\/revisions"}],"predecessor-version":[{"id":1381,"href":"http:\/\/jary.se\/index.php?rest_route=\/wp\/v2\/pages\/181\/revisions\/1381"}],"wp:attachment":[{"href":"http:\/\/jary.se\/index.php?rest_route=%2Fwp%2Fv2%2Fmedia&parent=181"}],"curies":[{"name":"wp","href":"https:\/\/api.w.org\/{rel}","templated":true}]}}