{"id":179,"date":"2017-01-26T11:35:51","date_gmt":"2017-01-26T11:35:51","guid":{"rendered":"http:\/\/dev.jary.se\/?page_id=179"},"modified":"2024-01-20T23:34:17","modified_gmt":"2024-01-20T22:34:17","slug":"rans","status":"publish","type":"page","link":"http:\/\/jary.se\/?page_id=179","title":{"rendered":"RANS"},"content":{"rendered":"\n<p class=\"has-text-align-center\"><strong>RANS<\/strong><\/p>\n\n\n<p>&nbsp;<\/p>\n<p><a href=\"http:\/\/dev.jary.se\/wp-content\/uploads\/2017\/01\/RANS.jpg\"><img decoding=\"async\" loading=\"lazy\" class=\"size-full wp-image-410 alignnone\" src=\"http:\/\/dev.jary.se\/wp-content\/uploads\/2017\/01\/RANS.jpg\" alt=\"\" width=\"800\" height=\"600\" srcset=\"http:\/\/jary.se\/wp-content\/uploads\/2017\/01\/RANS.jpg 800w, http:\/\/jary.se\/wp-content\/uploads\/2017\/01\/RANS-300x225.jpg 300w, http:\/\/jary.se\/wp-content\/uploads\/2017\/01\/RANS-768x576.jpg 768w\" sizes=\"(max-width: 706px) 89vw, (max-width: 767px) 82vw, 740px\" \/><\/a><\/p>\n<p style=\"text-align: center;\" align=\"center\"><strong>RANS<\/strong> tillverkar flera olika modeller av cyklar bl.a.<br \/>\nCrank Forward, Liggcyklar, Tandem.<\/p>\n<p class=\"style1\" style=\"text-align: center;\">Crank Forward \u00e4r en cykel med tramporna betydlingt l\u00e4ngre fram \u00e4n vanligt.<br \/>\nMed ett bekv\u00e4mt s\u00e4te f\u00e5r du en uppr\u00e4tt k\u00f6rst\u00e4llning med fin sittkomfort och god \u00f6verblick av trafikmilj\u00f6n.<br \/>\nTack vare att du sitter lite l\u00e4gre n\u00e5r du ner till marken utan problem.<br \/>\nCykeln \u00e4r l\u00e4tt och snabb och har aluminiumram.<br \/>\nDenna modell heter Fusion och \u00e4r utrustad med 3&#215;9 v\u00e4xlar, V-bromsar.<br \/>\nEftersom cykeln kommer fr\u00e5n USA kostar den en del. Tull, frakt och moms tillkommer.<\/p>\n<p class=\"style1\" style=\"text-align: center;\">Ut\u00f6ver&nbsp;cyklar tillverkar de flygplan, vilket borgar f\u00f6r h\u00f6g kvalit\u00e9.<br \/>\nEn upplevelse att cykla!<\/p>","protected":false},"excerpt":{"rendered":"<p>RANS &nbsp; RANS tillverkar flera olika modeller av cyklar bl.a. Crank Forward, Liggcyklar, Tandem. Crank Forward \u00e4r en cykel med tramporna betydlingt l\u00e4ngre fram \u00e4n vanligt. Med ett bekv\u00e4mt s\u00e4te f\u00e5r du en uppr\u00e4tt k\u00f6rst\u00e4llning med fin sittkomfort och god \u00f6verblick av trafikmilj\u00f6n. Tack vare att du sitter lite l\u00e4gre n\u00e5r du ner till marken &hellip; <\/p>\n<p class=\"link-more\"><a href=\"http:\/\/jary.se\/?page_id=179\" class=\"more-link\">Forts\u00e4tt l\u00e4sa<span class=\"screen-reader-text\"> &#8221;RANS&#8221;<\/span><\/a><\/p>\n","protected":false},"author":1,"featured_media":0,"parent":0,"menu_order":0,"comment_status":"closed","ping_status":"closed","template":"","meta":{"footnotes":""},"_links":{"self":[{"href":"http:\/\/jary.se\/index.php?rest_route=\/wp\/v2\/pages\/179"}],"collection":[{"href":"http:\/\/jary.se\/index.php?rest_route=\/wp\/v2\/pages"}],"about":[{"href":"http:\/\/jary.se\/index.php?rest_route=\/wp\/v2\/types\/page"}],"author":[{"embeddable":true,"href":"http:\/\/jary.se\/index.php?rest_route=\/wp\/v2\/users\/1"}],"replies":[{"embeddable":true,"href":"http:\/\/jary.se\/index.php?rest_route=%2Fwp%2Fv2%2Fcomments&post=179"}],"version-history":[{"count":5,"href":"http:\/\/jary.se\/index.php?rest_route=\/wp\/v2\/pages\/179\/revisions"}],"predecessor-version":[{"id":1391,"href":"http:\/\/jary.se\/index.php?rest_route=\/wp\/v2\/pages\/179\/revisions\/1391"}],"wp:attachment":[{"href":"http:\/\/jary.se\/index.php?rest_route=%2Fwp%2Fv2%2Fmedia&parent=179"}],"curies":[{"name":"wp","href":"https:\/\/api.w.org\/{rel}","templated":true}]}}