{"id":176,"date":"2017-01-26T11:35:04","date_gmt":"2017-01-26T11:35:04","guid":{"rendered":"http:\/\/dev.jary.se\/?page_id=176"},"modified":"2021-09-07T18:47:58","modified_gmt":"2021-09-07T18:47:58","slug":"bambu","status":"publish","type":"page","link":"http:\/\/jary.se\/?page_id=176","title":{"rendered":"Bambu"},"content":{"rendered":"<p style=\"text-align: center;\">&nbsp;<a href=\"http:\/\/dev.jary.se\/wp-content\/uploads\/2017\/01\/myboo.jpg\"><img decoding=\"async\" loading=\"lazy\" class=\"size-medium wp-image-186 aligncenter\" src=\"http:\/\/dev.jary.se\/wp-content\/uploads\/2017\/01\/myboo-300x158.jpg\" alt=\"\" width=\"300\" height=\"158\" srcset=\"http:\/\/jary.se\/wp-content\/uploads\/2017\/01\/myboo-300x158.jpg 300w, http:\/\/jary.se\/wp-content\/uploads\/2017\/01\/myboo-768x403.jpg 768w, http:\/\/jary.se\/wp-content\/uploads\/2017\/01\/myboo-1024x538.jpg 1024w, http:\/\/jary.se\/wp-content\/uploads\/2017\/01\/myboo.jpg 1200w\" sizes=\"(max-width: 300px) 100vw, 300px\" \/><\/a><\/p>\n<p style=\"text-align: center;\"><strong>my-Boo <\/strong>tillverkar cyklar i bambu, ett starkt och sp\u00e4nnande material.<br \/>\nEtt sammarbete mellan Tyskland och Ghana.<\/p>\n<p style=\"text-align: center;\"><a href=\"http:\/\/dev.jary.se\/wp-content\/uploads\/2017\/01\/my_Boo_Bambusfahrraeder.jpg\"><img decoding=\"async\" loading=\"lazy\" class=\"aligncenter wp-image-191 size-full\" src=\"http:\/\/dev.jary.se\/wp-content\/uploads\/2017\/01\/my_Boo_Bambusfahrraeder.jpg\" width=\"960\" height=\"320\" srcset=\"http:\/\/jary.se\/wp-content\/uploads\/2017\/01\/my_Boo_Bambusfahrraeder.jpg 960w, http:\/\/jary.se\/wp-content\/uploads\/2017\/01\/my_Boo_Bambusfahrraeder-300x100.jpg 300w, http:\/\/jary.se\/wp-content\/uploads\/2017\/01\/my_Boo_Bambusfahrraeder-768x256.jpg 768w\" sizes=\"(max-width: 706px) 89vw, (max-width: 767px) 82vw, 740px\" \/><\/a>&nbsp;<\/p>\n<p class=\"style7\" style=\"text-align: center;\"><a href=\"http:\/\/dev.jary.se\/wp-content\/uploads\/2017\/01\/made_in_ghana.jpg\"><img decoding=\"async\" loading=\"lazy\" class=\"size-full wp-image-193 aligncenter\" src=\"http:\/\/dev.jary.se\/wp-content\/uploads\/2017\/01\/made_in_ghana.jpg\" alt=\"\" width=\"480\" height=\"260\" srcset=\"http:\/\/jary.se\/wp-content\/uploads\/2017\/01\/made_in_ghana.jpg 480w, http:\/\/jary.se\/wp-content\/uploads\/2017\/01\/made_in_ghana-300x163.jpg 300w\" sizes=\"(max-width: 480px) 100vw, 480px\" \/><\/a><\/p>\n<p class=\"style3\" style=\"text-align: center;\"><strong>Ett Socialt projekt<br \/>\n<\/strong>I en bamburam byggs det in fem aluminiumkomponenter som tillverkas i Tyskland, p\u00e5 en verkstad vi kan likna vid Samhall.<br \/>\nRamen tillverkas i Ghana, av bambu, detta ger arbetstillf\u00e4llen.<br \/>\nF\u00f6r varje cykel som s\u00e4ljs skapas ett Skolstipendium som finansierar<br \/>\nutbildning under ett \u00e5r f\u00f6r en ungdom.<\/p>\n<p class=\"style3\" style=\"text-align: center;\">Bambu \u00e4r ett ekologiskt material som inte t\u00e4r p\u00e5 jordens resurser,<br \/>\nDet v\u00e4xer extremt fort, 30-50 cm per dygn.<br \/>\nBambun som anv\u00e4nds har tjocka ytterv\u00e4ggar och en elasticitet som passar fint i en cykelram.&nbsp;<br \/>\nBamburamen \u00e4r noggrant testad f\u00f6r att garantera ett l\u00e5ngt liv.<br \/>\nDet finns flera modeller att v\u00e4lja bland<\/p>\n<div class=\"mceTemp\">&nbsp;<\/div>\n<p>&nbsp;<\/p>\n<p>&nbsp;<\/p>\n","protected":false},"excerpt":{"rendered":"<p>&nbsp; my-Boo tillverkar cyklar i bambu, ett starkt och sp\u00e4nnande material. Ett sammarbete mellan Tyskland och Ghana. &nbsp; Ett Socialt projekt I en bamburam byggs det in fem aluminiumkomponenter som tillverkas i Tyskland, p\u00e5 en verkstad vi kan likna vid Samhall. Ramen tillverkas i Ghana, av bambu, detta ger arbetstillf\u00e4llen. F\u00f6r varje cykel som s\u00e4ljs &hellip; <\/p>\n<p class=\"link-more\"><a href=\"http:\/\/jary.se\/?page_id=176\" class=\"more-link\">Forts\u00e4tt l\u00e4sa<span class=\"screen-reader-text\"> &#8221;Bambu&#8221;<\/span><\/a><\/p>\n","protected":false},"author":1,"featured_media":0,"parent":0,"menu_order":0,"comment_status":"closed","ping_status":"closed","template":"","meta":{"footnotes":""},"_links":{"self":[{"href":"http:\/\/jary.se\/index.php?rest_route=\/wp\/v2\/pages\/176"}],"collection":[{"href":"http:\/\/jary.se\/index.php?rest_route=\/wp\/v2\/pages"}],"about":[{"href":"http:\/\/jary.se\/index.php?rest_route=\/wp\/v2\/types\/page"}],"author":[{"embeddable":true,"href":"http:\/\/jary.se\/index.php?rest_route=\/wp\/v2\/users\/1"}],"replies":[{"embeddable":true,"href":"http:\/\/jary.se\/index.php?rest_route=%2Fwp%2Fv2%2Fcomments&post=176"}],"version-history":[{"count":26,"href":"http:\/\/jary.se\/index.php?rest_route=\/wp\/v2\/pages\/176\/revisions"}],"predecessor-version":[{"id":966,"href":"http:\/\/jary.se\/index.php?rest_route=\/wp\/v2\/pages\/176\/revisions\/966"}],"wp:attachment":[{"href":"http:\/\/jary.se\/index.php?rest_route=%2Fwp%2Fv2%2Fmedia&parent=176"}],"curies":[{"name":"wp","href":"https:\/\/api.w.org\/{rel}","templated":true}]}}