{"id":1075,"date":"2022-10-23T05:41:36","date_gmt":"2022-10-23T05:41:36","guid":{"rendered":"http:\/\/jary.se\/?page_id=1075"},"modified":"2022-12-25T20:29:54","modified_gmt":"2022-12-25T20:29:54","slug":"velo-lab-2","status":"publish","type":"page","link":"http:\/\/jary.se\/?page_id=1075","title":{"rendered":"Velo-Lab"},"content":{"rendered":"<p style=\"text-align: center;\"><strong>Velo-Lab<\/strong><br \/>\nHandbygda cyklar fr\u00e5n Bremen i Tyskland<\/p>\n<p><img decoding=\"async\" loading=\"lazy\" class=\"size-full wp-image-1074 alignright\" src=\"http:\/\/jary.se\/wp-content\/uploads\/2022\/10\/velolab-va\u0308xjo\u0308sjo\u0308n.jpeg\" alt=\"\" width=\"5212\" height=\"3468\" srcset=\"http:\/\/jary.se\/wp-content\/uploads\/2022\/10\/velolab-va\u0308xjo\u0308sjo\u0308n.jpeg 5212w, http:\/\/jary.se\/wp-content\/uploads\/2022\/10\/velolab-va\u0308xjo\u0308sjo\u0308n-300x200.jpeg 300w, http:\/\/jary.se\/wp-content\/uploads\/2022\/10\/velolab-va\u0308xjo\u0308sjo\u0308n-768x511.jpeg 768w, http:\/\/jary.se\/wp-content\/uploads\/2022\/10\/velolab-va\u0308xjo\u0308sjo\u0308n-1024x681.jpeg 1024w\" sizes=\"(max-width: 706px) 89vw, (max-width: 767px) 82vw, 740px\" \/><\/p>\n<p>&nbsp;<\/p>\n<p>Denna 26&#8243; cykel har bara ett gaffelben fram o bak, detta f\u00f6r att g\u00f6ra den mer kompakt d\u00e5 den viks. Nu blir den l\u00e4tt att transportera.<\/p>\n<p style=\"text-align: center;\"><strong>Velo-Lab<\/strong> tillverkar bl.a. \u00e4ven l\u00e4tta tv\u00e5hjuliga <strong>transportcyklar.<\/strong> Vikt i stot sett som en tradiotionell standardcykel.<\/p>\n<p>.<\/p>\n","protected":false},"excerpt":{"rendered":"<p>Velo-Lab Handbygda cyklar fr\u00e5n Bremen i Tyskland &nbsp; Denna 26&#8243; cykel har bara ett gaffelben fram o bak, detta f\u00f6r att g\u00f6ra den mer kompakt d\u00e5 den viks. Nu blir den l\u00e4tt att transportera. Velo-Lab tillverkar bl.a. \u00e4ven l\u00e4tta tv\u00e5hjuliga transportcyklar. Vikt i stot sett som en tradiotionell standardcykel. .<\/p>\n","protected":false},"author":1,"featured_media":0,"parent":0,"menu_order":0,"comment_status":"closed","ping_status":"closed","template":"","meta":{"footnotes":""},"_links":{"self":[{"href":"http:\/\/jary.se\/index.php?rest_route=\/wp\/v2\/pages\/1075"}],"collection":[{"href":"http:\/\/jary.se\/index.php?rest_route=\/wp\/v2\/pages"}],"about":[{"href":"http:\/\/jary.se\/index.php?rest_route=\/wp\/v2\/types\/page"}],"author":[{"embeddable":true,"href":"http:\/\/jary.se\/index.php?rest_route=\/wp\/v2\/users\/1"}],"replies":[{"embeddable":true,"href":"http:\/\/jary.se\/index.php?rest_route=%2Fwp%2Fv2%2Fcomments&post=1075"}],"version-history":[{"count":10,"href":"http:\/\/jary.se\/index.php?rest_route=\/wp\/v2\/pages\/1075\/revisions"}],"predecessor-version":[{"id":1091,"href":"http:\/\/jary.se\/index.php?rest_route=\/wp\/v2\/pages\/1075\/revisions\/1091"}],"wp:attachment":[{"href":"http:\/\/jary.se\/index.php?rest_route=%2Fwp%2Fv2%2Fmedia&parent=1075"}],"curies":[{"name":"wp","href":"https:\/\/api.w.org\/{rel}","templated":true}]}}